{"id":7407,"date":"2026-03-27T06:06:20","date_gmt":"2026-03-27T06:06:20","guid":{"rendered":"https:\/\/car-refinish-system.com\/beta\/produs\/plastic-primer-aerosol-400ml-transparent-silver\/"},"modified":"2026-04-28T07:21:06","modified_gmt":"2026-04-28T07:21:06","slug":"plastic-primer-aerosol-400ml-transparent-silver","status":"publish","type":"product","link":"https:\/\/car-refinish-system.com\/beta\/produs\/plastic-primer-aerosol-400ml-transparent-silver\/","title":{"rendered":"Plastic Primer Aerosol 400ml Transparent Silver"},"content":{"rendered":"<p>Plastic Primer Aerosol Silber lasierend 400ml<br \/>\n\u25cf\u00a0 Einsatz<br \/>\n     Alle g\u00e4ngigen Arten von Lackierungen von Kunststoffteilen<br \/>\n\u25cf\u00a0 Technische Merkmale<br \/>\n     lasierend silberne Einf\u00e4rbung um die bereits lackierte Oberfl\u00e4che zu erkennen<br \/>\n\u00a0\u00a0\u00a0\u00a0 sehr hohe Elastizit\u00e4t<br \/>\n\u25cf\u00a0 Haftung<br \/>\n\u00a0\u00a0\u00a0\u00a0 Direkte Haftung auf angeschliffenen und gereinigten Oberfl\u00e4chen sowie Kunststoffteilen aus Hart-PVC ABS, PP-(EPDM), PUR und vielen anderen<br \/>\n\u00a0\u00a0\u00a0\u00a0 Verarbeitung auf PE und PC bitte vorher pr\u00fcfen<br \/>\n\u25cf\u00a0 Verarbeitung<br \/>\n\u00a0\u00a0\u00a0\u00a0 wenn notwendig Tempern bei 60\u00b0C\/60min.<br \/>\n\u00a0\u00a0\u00a0\u00a0 Reinigen der Oberfl\u00e4che mit Entfettungsmittel oder Silikonentferner<br \/>\n\u00a0\u00a0\u00a0\u00a0 Abl\u00fcftzeit 5-10min<br \/>\n\u00a0\u00a0\u00a0\u00a0 Schichst\u00e4rken je Spritzgang ca. 5-8 \u03bcm (Trocken), Max 2 Spritzg\u00e4nge = 15\u03bcm<br \/>\n\u00a0\u00a0\u00a0\u00a0 Achtung! Nur als Haftvermittler verwenden siehe max. Schichtst\u00e4rken<br \/>\n\u25cf\u00a0 Trockenzeiten<br \/>\n\u00a0\u00a0\u00a0\u00a0\u00a0Vor Ofentrocknung 15 Min Abl\u00fcftzeit beachten.<br \/>\n\u00a0\u00a0\u00a0\u00a0\u00a010-15 min\/20\u00b0C<br \/>\n\u00a0\u00a0\u00a0\u00a0 \u00dcberlackierbar nach 12-15min mit allen handels\u00fcblichen 1K- oder 2K F\u00fcllern, Decklacken oder Klarlacken<\/p>\n","protected":false},"excerpt":{"rendered":"<p>Plastic Primer Aerosol Silber lasierend 400ml \u25cf\u00a0 Einsatz Alle g\u00e4ngigen Arten von Lackierungen von Kunststoffteilen \u25cf\u00a0 Technische Merkmale lasierend silberne Einf\u00e4rbung um die bereits lackierte Oberfl\u00e4che<span class=\"excerpt-hellip\"> [\u2026]<\/span><\/p>\n","protected":false},"featured_media":7667,"template":"","meta":{"_acf_changed":false},"product_brand":[],"product_cat":[868],"product_tag":[],"class_list":{"0":"post-7407","1":"product","2":"type-product","3":"status-publish","4":"has-post-thumbnail","6":"product_cat-aerosols","8":"first","9":"instock","10":"purchasable","11":"product-type-simple"},"acf":[],"_links":{"self":[{"href":"https:\/\/car-refinish-system.com\/beta\/wp-json\/wp\/v2\/product\/7407","targetHints":{"allow":["GET"]}}],"collection":[{"href":"https:\/\/car-refinish-system.com\/beta\/wp-json\/wp\/v2\/product"}],"about":[{"href":"https:\/\/car-refinish-system.com\/beta\/wp-json\/wp\/v2\/types\/product"}],"wp:featuredmedia":[{"embeddable":true,"href":"https:\/\/car-refinish-system.com\/beta\/wp-json\/wp\/v2\/media\/7667"}],"wp:attachment":[{"href":"https:\/\/car-refinish-system.com\/beta\/wp-json\/wp\/v2\/media?parent=7407"}],"wp:term":[{"taxonomy":"product_brand","embeddable":true,"href":"https:\/\/car-refinish-system.com\/beta\/wp-json\/wp\/v2\/product_brand?post=7407"},{"taxonomy":"product_cat","embeddable":true,"href":"https:\/\/car-refinish-system.com\/beta\/wp-json\/wp\/v2\/product_cat?post=7407"},{"taxonomy":"product_tag","embeddable":true,"href":"https:\/\/car-refinish-system.com\/beta\/wp-json\/wp\/v2\/product_tag?post=7407"}],"curies":[{"name":"wp","href":"https:\/\/api.w.org\/{rel}","templated":true}]}}