{"id":7408,"date":"2026-03-27T06:06:20","date_gmt":"2026-03-27T06:06:20","guid":{"rendered":"https:\/\/car-refinish-system.com\/beta\/produs\/1k-hq-zincspray-aerosol-400ml-zincgrey\/"},"modified":"2026-04-28T07:21:15","modified_gmt":"2026-04-28T07:21:15","slug":"1k-hq-zincspray-aerosol-400ml-zincgrey","status":"publish","type":"product","link":"https:\/\/car-refinish-system.com\/beta\/produs\/1k-hq-zincspray-aerosol-400ml-zincgrey\/","title":{"rendered":"1K HQ ZincSpray Aerosol 400ml ZincGrey"},"content":{"rendered":"<p>1K HQ ZincSpray ist ein sehr hochwertiger, hitzefester Korrosionsschutz mit \u00fcber 90% Zinkanteilen (sog. Kaltverzinkung)<br \/>\n\u25cf Einsatz<br \/>\n    &#8211; zur Ausbesserung und Wiederherstellung von besch\u00e4digten Zinkschichten an Karosserieteilen<br \/>\n    &#8211; optimal auch in der industriellen Verwendung f\u00fcr den Schutz von Schwei\u00dfn\u00e4hten und Bohrstellen<br \/>\n    &#8211; Einsatz auch f\u00fcr den handwerklichen Bereich wie bei Z\u00e4unen, Dachteilen und Regenfallrohren<br \/>\n\u25cf Technische Merkmale<br \/>\n     &#8211; mikrofeine Zinkpartikel \u00fcber 90%, welche auf der Oberfl\u00e4che als Schutzschicht f\u00fcr hochwertigsten Korrosionsschutz sorgen<br \/>\n     &#8211; 90%iger Zinkschutz im Trockenfilm nach Trocknung<br \/>\n     &#8211; matt Auftrocknend, mittelgrau.<br \/>\n     &#8211; kathodischer Korrosionsschutz in Spr\u00fchdosen<br \/>\n     &#8211; Korrosionsschutz ist \u00e4hnlich wie Feuerverzinkung sog. Kaltverzinkung<br \/>\n     &#8211; elektrisch leitf\u00e4hig, ca. < 90-100 \u00b5\u03a9\u00b7cm\n     - Hitzefest bis 300\u00b0C\n     - Punktschweissfest und \u00dcberschweissbar\n\u25cf Haftung\n    - Direkte Haftung auf angeschliffenen und gereinigten blanken Metallen wie Eisen\/Stahl sowie vielen anderen Untergr\u00fcnden (nach entsprechender Haftungspr\u00fcfung)\n\u25cf Verarbeitung\n    - Reinigen der Oberfl\u00e4che mit Entfettungsmittel oder Silikonentferner\n    - Abl\u00fcftzeit 5min\n    - Schichst\u00e4rken je Spritzgang ca. 20\u03bcm (Trocken), bis zu 3 Spritzg\u00e4nge = 60\u03bcm\n    - auch als Tupflack mit Ausbesserungspinsel verarbeitbar (Spr\u00fchen in Spr\u00fchkappe und Verwenden)\n\u25cf Trockenzeiten \n     - Lufttrocknend\n     - Staubtrocken 5-15min\/20\u00b0C\n     - \u00dcberlackierbar 24h\/20\u00b0\n<\/p>\n","protected":false},"excerpt":{"rendered":"<p>1K HQ ZincSpray ist ein sehr hochwertiger, hitzefester Korrosionsschutz mit \u00fcber 90% Zinkanteilen (sog. Kaltverzinkung) \u25cf Einsatz &#8211; zur Ausbesserung und Wiederherstellung von besch\u00e4digten Zinkschichten an<span class=\"excerpt-hellip\"> [\u2026]<\/span><\/p>\n","protected":false},"featured_media":7669,"template":"","meta":{"_acf_changed":false},"product_brand":[],"product_cat":[868],"product_tag":[],"class_list":{"0":"post-7408","1":"product","2":"type-product","3":"status-publish","4":"has-post-thumbnail","6":"product_cat-aerosols","8":"first","9":"instock","10":"purchasable","11":"product-type-simple"},"acf":[],"_links":{"self":[{"href":"https:\/\/car-refinish-system.com\/beta\/wp-json\/wp\/v2\/product\/7408","targetHints":{"allow":["GET"]}}],"collection":[{"href":"https:\/\/car-refinish-system.com\/beta\/wp-json\/wp\/v2\/product"}],"about":[{"href":"https:\/\/car-refinish-system.com\/beta\/wp-json\/wp\/v2\/types\/product"}],"wp:featuredmedia":[{"embeddable":true,"href":"https:\/\/car-refinish-system.com\/beta\/wp-json\/wp\/v2\/media\/7669"}],"wp:attachment":[{"href":"https:\/\/car-refinish-system.com\/beta\/wp-json\/wp\/v2\/media?parent=7408"}],"wp:term":[{"taxonomy":"product_brand","embeddable":true,"href":"https:\/\/car-refinish-system.com\/beta\/wp-json\/wp\/v2\/product_brand?post=7408"},{"taxonomy":"product_cat","embeddable":true,"href":"https:\/\/car-refinish-system.com\/beta\/wp-json\/wp\/v2\/product_cat?post=7408"},{"taxonomy":"product_tag","embeddable":true,"href":"https:\/\/car-refinish-system.com\/beta\/wp-json\/wp\/v2\/product_tag?post=7408"}],"curies":[{"name":"wp","href":"https:\/\/api.w.org\/{rel}","templated":true}]}}