{"id":7409,"date":"2026-03-27T06:06:20","date_gmt":"2026-03-27T06:06:20","guid":{"rendered":"https:\/\/car-refinish-system.com\/beta\/produs\/rally-spray-highgloss-aerosol-400ml-black\/"},"modified":"2026-04-28T07:23:28","modified_gmt":"2026-04-28T07:23:28","slug":"rally-spray-highgloss-aerosol-400ml-black","status":"publish","type":"product","link":"https:\/\/car-refinish-system.com\/beta\/produs\/rally-spray-highgloss-aerosol-400ml-black\/","title":{"rendered":"Rally Spray HighGloss Aerosol 400ml Black"},"content":{"rendered":"<p>sehr hochwertiges 1K-Acryl Lackspray im Farbton Schwarz hochgl\u00e4nzend<br \/>\n\u25cf  Einsatz<br \/>\n     &#8211; Alle Arten von Einfarbigen Lackierungen an Teilen<br \/>\n     &#8211; f\u00fcr Felgen- und Chassislackierungen<br \/>\n     &#8211; f\u00fcr Fahrzeug-\/Industrie- und Nutzfahrzeuglackierungen<br \/>\n     &#8211; f\u00fcr Maschinenlackierungen<br \/>\n     &#8211; f\u00fcr Schmiedeeisenlackierungen<br \/>\n     &#8211; f\u00fcr alle Oberfl\u00e4chen, wie Holz, Metall, Stein, Kunststoff, nach Haftungspr\u00fcfung, geeignet<br \/>\n\u25cf  Technische Merkmale<br \/>\n     &#8211; sehr schnell trocknender 1K-Einschichtlack mit direkter Haftung auf vielen Untergr\u00fcnden<br \/>\n     &#8211; f\u00fcr Lackierungen im Innen und Au\u00dfenbereich<br \/>\n     &#8211; nach Durchtrocknung > gute Chemikaliernbest\u00e4ndig (Pr\u00fcfung notwendig)<br \/>\n     &#8211; sehr gute UV Best\u00e4ndigkeit<br \/>\n\u25cf  Haftung<br \/>\n     &#8211; Direkte Haftung auf angeschliffenen und gereinigten Oberfl\u00e4chen sowie Kunststoffteilen aus<br \/>\n        Hart-PVC ABS, PP-(EPDM), PUR und vielen anderen Untergr\u00fcnden (nach entsprechender Haftungspr\u00fcfung)<br \/>\n\u25cf  Verarbeitung<br \/>\n     &#8211; Reinigen der Oberfl\u00e4che mit Entfettungsmittel oder Silikonentferner<br \/>\n     &#8211; Abl\u00fcftzeit 5min<br \/>\n     &#8211; Schichst\u00e4rken je Spritzgang ca. 20\u03bcm (Trocken), bis zu 3 Spritzg\u00e4nge = 60\u03bcm<br \/>\n     &#8211; auch als Tupflack mit Ausbesserungspinsel verarbeitbar (Spr\u00fchen in Spr\u00fchkappe und Verwenden)<br \/>\n\u25cf  Trockenzeiten<br \/>\n      &#8211; Lufttrocknend<br \/>\n     &#8211; 5-15min\/20\u00b0C<\/p>\n","protected":false},"excerpt":{"rendered":"<p>sehr hochwertiges 1K-Acryl Lackspray im Farbton Schwarz hochgl\u00e4nzend \u25cf Einsatz &#8211; Alle Arten von Einfarbigen Lackierungen an Teilen &#8211; f\u00fcr Felgen- und Chassislackierungen &#8211; f\u00fcr Fahrzeug-\/Industrie-<span class=\"excerpt-hellip\"> [\u2026]<\/span><\/p>\n","protected":false},"featured_media":6675,"template":"","meta":{"_acf_changed":false},"product_brand":[],"product_cat":[868],"product_tag":[],"class_list":{"0":"post-7409","1":"product","2":"type-product","3":"status-publish","4":"has-post-thumbnail","6":"product_cat-aerosols","8":"first","9":"instock","10":"purchasable","11":"product-type-simple"},"acf":[],"_links":{"self":[{"href":"https:\/\/car-refinish-system.com\/beta\/wp-json\/wp\/v2\/product\/7409","targetHints":{"allow":["GET"]}}],"collection":[{"href":"https:\/\/car-refinish-system.com\/beta\/wp-json\/wp\/v2\/product"}],"about":[{"href":"https:\/\/car-refinish-system.com\/beta\/wp-json\/wp\/v2\/types\/product"}],"wp:featuredmedia":[{"embeddable":true,"href":"https:\/\/car-refinish-system.com\/beta\/wp-json\/wp\/v2\/media\/6675"}],"wp:attachment":[{"href":"https:\/\/car-refinish-system.com\/beta\/wp-json\/wp\/v2\/media?parent=7409"}],"wp:term":[{"taxonomy":"product_brand","embeddable":true,"href":"https:\/\/car-refinish-system.com\/beta\/wp-json\/wp\/v2\/product_brand?post=7409"},{"taxonomy":"product_cat","embeddable":true,"href":"https:\/\/car-refinish-system.com\/beta\/wp-json\/wp\/v2\/product_cat?post=7409"},{"taxonomy":"product_tag","embeddable":true,"href":"https:\/\/car-refinish-system.com\/beta\/wp-json\/wp\/v2\/product_tag?post=7409"}],"curies":[{"name":"wp","href":"https:\/\/api.w.org\/{rel}","templated":true}]}}