{"id":7415,"date":"2026-03-27T06:06:20","date_gmt":"2026-03-27T06:06:20","guid":{"rendered":"https:\/\/car-refinish-system.com\/beta\/produs\/prefilled-2k-spray-aerosol\/"},"modified":"2026-04-28T07:24:03","modified_gmt":"2026-04-28T07:24:03","slug":"prefilled-2k-spray-aerosol","status":"publish","type":"product","link":"https:\/\/car-refinish-system.com\/beta\/produs\/prefilled-2k-spray-aerosol\/","title":{"rendered":"Prefilled 2K-Spray Aerosol"},"content":{"rendered":"<p>Prefilled 2K-Spray Aerosol ist eine mit Universal Treib\/Verd\u00fcnnungsmittel vorbef\u00fcllte Spraydose mit einer zu aktivierenden H\u00e4rter Kartusche im Boden des Aerosols f\u00fcr Isocyanat vernetzende 2 K Lacke mit einem MV von 2:1 oder 3:1<br \/>\n\u25cf sichere und optimale H\u00e4rterzugabe durch Eindr\u00fcckvorrichtung<br \/>\n\u25cf 300ml vorbegaste Spraydose mit einer Mischung aus Treibgas und L\u00f6semittel.<br \/>\n\u25cf Aerosol ohne Lack, welches mittels eines Abf\u00fcllger\u00e4tes bef\u00fcllt wird.<br \/>\n\u25cf sehr hochwertiger drehbarer Breitstrahlspr\u00fchkopf f\u00fcr horizontale und vertikale Applikation<br \/>\n\u25cf hochwertigste Ventil- und Spr\u00fchkopftechnik f\u00fcr feinste Zerst\u00e4ubung f\u00fcr ein professionellen Ergebnis<br \/>\n\u25cf sehr gute Zerst\u00e4ubung von Lacken f\u00fcr optimale Verarbeitung durch optimalen vorbef\u00fcllten Druck<br \/>\n\u25cf gleichbleibender Druck f\u00fcr optimale und hochwertige Verarbeitung bis der komplette Lack verwendet wurde<br \/>\n\u25cf Geeignet f\u00fcr alle handels\u00fcblichen 1K-Lacksysteme auf Kunstharz-, Nitro-, Acryllacke sowie L\u00f6semittelbasierte Basecoatlacke<br \/>\n\u25cf f\u00fcr kleine und mittlere Lackreparaturen ohne Spritzpistolenverwendung zum zeitsparenden Arbeiten<br \/>\n\u25cf Ideal zur Spot- oder Teilelackierung<br \/>\n\u25cf individuell bef\u00fcllbar, die Eigenschaften der bef\u00fcllten Spraydose entsprechen der abgef\u00fcllten Lackqualit\u00e4t.<br \/>\n\u25cf 100ml Bef\u00fcllung f\u00fcr 400ml vorgef\u00fcllte Spraydose<br \/>\n\u25cf Der abzuf\u00fcllende Lack sollte eine Viskosit\u00e4t von 140 &#8211; 250 Sek. in einem 4mm DIN-Viskosit\u00e4tssme\u00dfbecher bei 20\u00b0C haben<br \/>\n\u25cf FCKW-freies Treibmittelgemisch<\/p>\n","protected":false},"excerpt":{"rendered":"<p>Prefilled 2K-Spray Aerosol ist eine mit Universal Treib\/Verd\u00fcnnungsmittel vorbef\u00fcllte Spraydose mit einer zu aktivierenden H\u00e4rter Kartusche im Boden des Aerosols f\u00fcr Isocyanat vernetzende 2 K Lacke<span class=\"excerpt-hellip\"> [\u2026]<\/span><\/p>\n","protected":false},"featured_media":6684,"template":"","meta":{"_acf_changed":false},"product_brand":[],"product_cat":[868],"product_tag":[],"class_list":{"0":"post-7415","1":"product","2":"type-product","3":"status-publish","4":"has-post-thumbnail","6":"product_cat-aerosols","8":"first","9":"instock","10":"purchasable","11":"product-type-simple"},"acf":[],"_links":{"self":[{"href":"https:\/\/car-refinish-system.com\/beta\/wp-json\/wp\/v2\/product\/7415","targetHints":{"allow":["GET"]}}],"collection":[{"href":"https:\/\/car-refinish-system.com\/beta\/wp-json\/wp\/v2\/product"}],"about":[{"href":"https:\/\/car-refinish-system.com\/beta\/wp-json\/wp\/v2\/types\/product"}],"wp:featuredmedia":[{"embeddable":true,"href":"https:\/\/car-refinish-system.com\/beta\/wp-json\/wp\/v2\/media\/6684"}],"wp:attachment":[{"href":"https:\/\/car-refinish-system.com\/beta\/wp-json\/wp\/v2\/media?parent=7415"}],"wp:term":[{"taxonomy":"product_brand","embeddable":true,"href":"https:\/\/car-refinish-system.com\/beta\/wp-json\/wp\/v2\/product_brand?post=7415"},{"taxonomy":"product_cat","embeddable":true,"href":"https:\/\/car-refinish-system.com\/beta\/wp-json\/wp\/v2\/product_cat?post=7415"},{"taxonomy":"product_tag","embeddable":true,"href":"https:\/\/car-refinish-system.com\/beta\/wp-json\/wp\/v2\/product_tag?post=7415"}],"curies":[{"name":"wp","href":"https:\/\/api.w.org\/{rel}","templated":true}]}}