{"id":7416,"date":"2026-03-27T06:06:20","date_gmt":"2026-03-27T06:06:20","guid":{"rendered":"https:\/\/car-refinish-system.com\/beta\/produs\/2k-aerosol-clear-coat-cc-ee-voc-x-2211\/"},"modified":"2026-03-27T06:06:30","modified_gmt":"2026-03-27T06:06:30","slug":"2k-aerosol-clear-coat-cc-ee-voc-x-2211","status":"publish","type":"product","link":"https:\/\/car-refinish-system.com\/beta\/produs\/2k-aerosol-clear-coat-cc-ee-voc-x-2211\/","title":{"rendered":"2K Aerosol Clear Coat CC EE VOC-X 2211"},"content":{"rendered":"<p>CC Aerosol (ClearCoat) EE (Express Extreme) VOC-X (VOC Express) 2211 (Verarbeitungstemperatur 22\u00b0C MV 1:1)<br \/>\n2K-VOC Express-High-Solid Klarlack Aerosol auf PU Basis (VOC 250g\/Ltr. m. VX20) inkl. H\u00e4rterkartusche zum Eindr\u00fccken<br \/>\n\u25cf Einsatz<br \/>\n    \u25cf alle Arten der Fahrzeug- und Industrielackierung<br \/>\n        \u25cf Spotrepair Klarlack mit eindr\u00fcckbarer H\u00e4rterkartusche, ca. 22min\/20\u00b0C Trockenzeit oder 3 min (+15min Abk\u00fchlzeit) m. MEDIUM-IR-Kurzwelle<br \/>\n        \u25cf Klarlack auch f\u00fcr gr\u00f6\u00dfere Fl\u00e4chen trotz sehr schneller Trockenzeit geeignet. 70-80 Minuten verabeitbar<br \/>\n        \u25cf Topfzeit 70-80 Min.<br \/>\n    \u25cf alle Arten der Industriellen Lackierung f\u00fcr Ganz- und Teillackierungen<br \/>\n\u25cf Technische Merkmale<br \/>\n    \u25cf erhebliche Energiekostenreduzierung, da nur noch sehr geringe oder keine Aufheiztemperatur beim Lackiervorgang<br \/>\n    \u25cf nahezu perfekte Verspannung der Oberfl\u00e4che, extrem brillanter Verlauf,<br \/>\n    \u25cf sehr gute Farbnebelaufnahme bei Bei\/- \u00dcberlappungslackierung (sog. Einblenden\/Einlackieren)<br \/>\n\u25cf Haftung<br \/>\n    \u25cf einsetzbar auf Wasser- und L\u00f6semittelbasislacken<br \/>\n\u25cf Verarbeitung<br \/>\n    \u25cf Mischung mit eindr\u00fcckbarer H\u00e4rterkartusche durch Zwangsmischung<br \/>\n    \u25cf sehr gut sch\u00fctteln<br \/>\n    \u25cf 1\/4 &#8211; 1\/3 Spritzgang!!! vorlegen (einfacher-Nebelgang). Abl\u00fcftzeit 2-4 Min (Fadenzugpr\u00fcfung).<br \/>\n    \u25cf 1 ganzen geschlossenen Spritzgang nachlegen.<br \/>\n    \u25cf Verarbeitung bei relativer Luftfeuchtigkeit von 45 &#8211; 65% \u00b110 (rF\/RH)<br \/>\n    \u25cf um eine optimale UV Best\u00e4ndigkeit zu gew\u00e4hrleisten, muss eine Mindesttrockenschichtdicke von 55\u03bcm erreicht werden<br \/>\n    \u25cf optimaler Druck am D\u00fcsenausgang der Spraydose, f\u00fcr perfekten Verlauf<br \/>\n    \u25cf sehr gute Absorptionsf\u00e4higkeit des Klarlackes und dadurch minimales Risiko von L\u00f6semittelflecken in der Oberfl\u00e4che bei \u00dcbeschichtungen des Klarlackes<br \/>\n\u25cf Trockenzeiten\/Schleifbarkeit\/Polierbarkeit<br \/>\n    \u25cf keine Ofentrocknung notwendig.<br \/>\n    \u25cf Trocknung mit IR-Kurzwelle (+15min Abk\u00fchlzeit)<br \/>\n    \u25cf Trocknung ca. 22min\/22\u00b0C<br \/>\n    \u25cf Trocknung Montagefest ca. 5-6min\/60\u00b0C oder 7-8min mit IR Trockner<br \/>\n    \u25cf sofort nach Trocknung maschinell mit Schleifbl\u00fctenschleifer (mit leichtem Druck) mit Schleifbl\u00fcten P2000 schleifbar<br \/>\n    \u25cf anschlie\u00dfend sofort nur maschinell mit Polierschwamm und Polierpaste (mit leichtem Druck) polierbar<\/p>\n","protected":false},"excerpt":{"rendered":"<p>CC Aerosol (ClearCoat) EE (Express Extreme) VOC-X (VOC Express) 2211 (Verarbeitungstemperatur 22\u00b0C MV 1:1) 2K-VOC Express-High-Solid Klarlack Aerosol auf PU Basis (VOC 250g\/Ltr. m. VX20) inkl.<span class=\"excerpt-hellip\"> [\u2026]<\/span><\/p>\n","protected":false},"featured_media":6686,"template":"","meta":{"_acf_changed":false},"product_brand":[],"product_cat":[868],"product_tag":[],"class_list":{"0":"post-7416","1":"product","2":"type-product","3":"status-publish","4":"has-post-thumbnail","6":"product_cat-aerosols","8":"first","9":"instock","10":"purchasable","11":"product-type-simple"},"acf":[],"_links":{"self":[{"href":"https:\/\/car-refinish-system.com\/beta\/wp-json\/wp\/v2\/product\/7416","targetHints":{"allow":["GET"]}}],"collection":[{"href":"https:\/\/car-refinish-system.com\/beta\/wp-json\/wp\/v2\/product"}],"about":[{"href":"https:\/\/car-refinish-system.com\/beta\/wp-json\/wp\/v2\/types\/product"}],"wp:featuredmedia":[{"embeddable":true,"href":"https:\/\/car-refinish-system.com\/beta\/wp-json\/wp\/v2\/media\/6686"}],"wp:attachment":[{"href":"https:\/\/car-refinish-system.com\/beta\/wp-json\/wp\/v2\/media?parent=7416"}],"wp:term":[{"taxonomy":"product_brand","embeddable":true,"href":"https:\/\/car-refinish-system.com\/beta\/wp-json\/wp\/v2\/product_brand?post=7416"},{"taxonomy":"product_cat","embeddable":true,"href":"https:\/\/car-refinish-system.com\/beta\/wp-json\/wp\/v2\/product_cat?post=7416"},{"taxonomy":"product_tag","embeddable":true,"href":"https:\/\/car-refinish-system.com\/beta\/wp-json\/wp\/v2\/product_tag?post=7416"}],"curies":[{"name":"wp","href":"https:\/\/api.w.org\/{rel}","templated":true}]}}