{"id":7418,"date":"2026-03-27T06:06:35","date_gmt":"2026-03-27T06:06:35","guid":{"rendered":"https:\/\/car-refinish-system.com\/beta\/produs\/structure-spray-900-aerosol-400ml-black\/"},"modified":"2026-04-28T07:25:07","modified_gmt":"2026-04-28T07:25:07","slug":"structure-spray-900-aerosol-400ml-black","status":"publish","type":"product","link":"https:\/\/car-refinish-system.com\/beta\/produs\/structure-spray-900-aerosol-400ml-black\/","title":{"rendered":"Structure Spray 900 Aerosol 400ml Black"},"content":{"rendered":"<p>1K-Strukturlack Aerosol f\u00fcr Strukturgebende Oberfl\u00e4chen<br \/>\n\u25cf  Einsatz<br \/>\n     Alle Arten von Lackierungen an Teilen welche eine leicht strukturierte Oberfl\u00e4che erhalten sollen, speziell f\u00fcr Sto\u00dff\u00e4nger<br \/>\n\u25cf  Technische Merkmale<br \/>\n    1K- Strukturbeschichtung mir direkter Haftung auf vielen Untergr\u00fcnden, zur Erzielung oder Wiederherstellung von originalen Oberfl\u00e4chen<br \/>\n\u25cf  Haftung<br \/>\n     Direkte Haftung auf angeschliffenen und gereinigten Oberfl\u00e4chen sowie Kunststoffteilen aus Hart-PVC ABS, PP-(EPDM), PUR und<br \/>\n     vielen anderen<br \/>\n\u25cf  Verarbeitung<br \/>\n     wenn notwendig Tempern bei 60\u00b0C\/60min.<br \/>\n     Reinigen der Oberfl\u00e4che mit Entfettungsmittel oder Silikonentferner<br \/>\n     Abl\u00fcftzeit 5min<br \/>\n     Schichst\u00e4rken je Spritzgang ca. 30\u03bcm (Trocken), Max 2 Spritzg\u00e4nge = 60\u03bcm<br \/>\n\u25cf  Trockenzeiten<br \/>\n     Vor Ofntrocknung 15 Min Abl\u00fcftzeit beachten.<br \/>\n     15-20min\/20\u00b0C<\/p>\n","protected":false},"excerpt":{"rendered":"<p>1K-Strukturlack Aerosol f\u00fcr Strukturgebende Oberfl\u00e4chen \u25cf Einsatz Alle Arten von Lackierungen an Teilen welche eine leicht strukturierte Oberfl\u00e4che erhalten sollen, speziell f\u00fcr Sto\u00dff\u00e4nger \u25cf Technische Merkmale<span class=\"excerpt-hellip\"> [\u2026]<\/span><\/p>\n","protected":false},"featured_media":7652,"template":"","meta":{"_acf_changed":false},"product_brand":[],"product_cat":[868],"product_tag":[],"class_list":{"0":"post-7418","1":"product","2":"type-product","3":"status-publish","4":"has-post-thumbnail","6":"product_cat-aerosols","8":"first","9":"instock","10":"purchasable","11":"product-type-simple"},"acf":[],"_links":{"self":[{"href":"https:\/\/car-refinish-system.com\/beta\/wp-json\/wp\/v2\/product\/7418","targetHints":{"allow":["GET"]}}],"collection":[{"href":"https:\/\/car-refinish-system.com\/beta\/wp-json\/wp\/v2\/product"}],"about":[{"href":"https:\/\/car-refinish-system.com\/beta\/wp-json\/wp\/v2\/types\/product"}],"wp:featuredmedia":[{"embeddable":true,"href":"https:\/\/car-refinish-system.com\/beta\/wp-json\/wp\/v2\/media\/7652"}],"wp:attachment":[{"href":"https:\/\/car-refinish-system.com\/beta\/wp-json\/wp\/v2\/media?parent=7418"}],"wp:term":[{"taxonomy":"product_brand","embeddable":true,"href":"https:\/\/car-refinish-system.com\/beta\/wp-json\/wp\/v2\/product_brand?post=7418"},{"taxonomy":"product_cat","embeddable":true,"href":"https:\/\/car-refinish-system.com\/beta\/wp-json\/wp\/v2\/product_cat?post=7418"},{"taxonomy":"product_tag","embeddable":true,"href":"https:\/\/car-refinish-system.com\/beta\/wp-json\/wp\/v2\/product_tag?post=7418"}],"curies":[{"name":"wp","href":"https:\/\/api.w.org\/{rel}","templated":true}]}}