{"id":7432,"date":"2026-03-27T06:06:35","date_gmt":"2026-03-27T06:06:35","guid":{"rendered":"https:\/\/car-refinish-system.com\/beta\/produs\/heizkoerperwalze-velour-10cm-4mm\/"},"modified":"2026-03-27T06:06:43","modified_gmt":"2026-03-27T06:06:43","slug":"heizkoerperwalze-velour-10cm-4mm","status":"publish","type":"product","link":"https:\/\/car-refinish-system.com\/beta\/produs\/heizkoerperwalze-velour-10cm-4mm\/","title":{"rendered":"Heizk\u00f6rperwalze Velour 10cm\/4mm"},"content":{"rendered":"<p>professionelle Lackierwalze aus gewebter Kunstwolle (Velour) f\u00fcr kleine bis mittelgro\u00dfe Flachen<br \/>\n\u25cf Breite 100mm, Florh\u00f6he 4mm, f\u00fcr B\u00fcgelaufnahme 6mm<br \/>\n\u25cf zum Erzielen sehr guter und glatter Oberfl\u00e4chen auf glatten Untergr\u00fcnden, wie Holz, Metall und Kunststoff.<br \/>\n\u25cf gewebte Kunstwolle (Velour)<br \/>\n\u25cf f\u00fcr beste und feinste Oberfl\u00e4chenergbnisse<br \/>\n\u25cf Aufbringen von Lacken- und Farben und gleichzeitiges Entl\u00fcften der lackierten Oberfl\u00e4che<br \/>\n\u25cf ideal f\u00fcr pr\u00e4zise Lackierarbeiten und ein sauberes Finish<br \/>\n\u25cf fusselfreies Gewebe f\u00fcr ein gleichm\u00e4\u00dfiges Finish<br \/>\n\u25cf L\u00f6sungsmittelfest und garantiert Langlebigkeit auch bei intensivem Einsatz<br \/>\n\u25cf Optimale Farbaufnahme und -abgabe<\/p>\n","protected":false},"excerpt":{"rendered":"<p>professionelle Lackierwalze aus gewebter Kunstwolle (Velour) f\u00fcr kleine bis mittelgro\u00dfe Flachen \u25cf Breite 100mm, Florh\u00f6he 4mm, f\u00fcr B\u00fcgelaufnahme 6mm \u25cf zum Erzielen sehr guter und glatter<span class=\"excerpt-hellip\"> [\u2026]<\/span><\/p>\n","protected":false},"featured_media":6713,"template":"","meta":{"_acf_changed":false},"product_brand":[],"product_cat":[869],"product_tag":[],"class_list":{"0":"post-7432","1":"product","2":"type-product","3":"status-publish","4":"has-post-thumbnail","6":"product_cat-lackier-equipment","8":"first","9":"instock","10":"purchasable","11":"product-type-simple"},"acf":[],"_links":{"self":[{"href":"https:\/\/car-refinish-system.com\/beta\/wp-json\/wp\/v2\/product\/7432","targetHints":{"allow":["GET"]}}],"collection":[{"href":"https:\/\/car-refinish-system.com\/beta\/wp-json\/wp\/v2\/product"}],"about":[{"href":"https:\/\/car-refinish-system.com\/beta\/wp-json\/wp\/v2\/types\/product"}],"wp:featuredmedia":[{"embeddable":true,"href":"https:\/\/car-refinish-system.com\/beta\/wp-json\/wp\/v2\/media\/6713"}],"wp:attachment":[{"href":"https:\/\/car-refinish-system.com\/beta\/wp-json\/wp\/v2\/media?parent=7432"}],"wp:term":[{"taxonomy":"product_brand","embeddable":true,"href":"https:\/\/car-refinish-system.com\/beta\/wp-json\/wp\/v2\/product_brand?post=7432"},{"taxonomy":"product_cat","embeddable":true,"href":"https:\/\/car-refinish-system.com\/beta\/wp-json\/wp\/v2\/product_cat?post=7432"},{"taxonomy":"product_tag","embeddable":true,"href":"https:\/\/car-refinish-system.com\/beta\/wp-json\/wp\/v2\/product_tag?post=7432"}],"curies":[{"name":"wp","href":"https:\/\/api.w.org\/{rel}","templated":true}]}}