{"id":7433,"date":"2026-03-27T06:06:35","date_gmt":"2026-03-27T06:06:35","guid":{"rendered":"https:\/\/car-refinish-system.com\/beta\/produs\/paint-set-tray-wanne-3x11cm-moltopren-buegelpainting-set-tray-wanne\/"},"modified":"2026-03-27T06:06:43","modified_gmt":"2026-03-27T06:06:43","slug":"paint-set-tray-wanne-3x11cm-moltopren-buegelpainting-set-tray-wanne","status":"publish","type":"product","link":"https:\/\/car-refinish-system.com\/beta\/produs\/paint-set-tray-wanne-3x11cm-moltopren-buegelpainting-set-tray-wanne\/","title":{"rendered":"Paint-Set &#8220;TRAY&#8221; Wanne\/3x11cm MoltoPren\/B\u00fcgel\nPainting Set Tray\/Wanne"},"content":{"rendered":"<p>Farbwannen Set mit 3 Moltopren Schaumstoffrollen, B\u00fcgel und Farbwanne<br \/>\n\u25cf 3 feinporige Moltopren Schaumstoffrollen 11cm L\u00e4nge \u00f8 35mm Raumgewicht ca. 40 kg\/m\u00b3<br \/>\n\u25cf Schaumstoffrollen f\u00fcr einen besonders glatten und streifenfreien Farbauftrag bei Lacken auf Wasser- oder L\u00f6semittelbasis<br \/>\n\u25cf rostfreier Steckb\u00fcgel mit ergonomisch geformten Griff zur Aufnahme der Farbrollen ca. 28 cm\/ Drahtdurchmesser ca. 6 mm<br \/>\n\u25cf Kunststoffwanne 150mm x 310mm x 50mm mit einem Fassungsverm\u00f6gen von ca. 900ml<br \/>\n\u25cf Farbwanne mit integrierter konisch zulaufender Abstreiffl\u00e4che zur gleichm\u00e4\u00dfig\/optimalen Farbaufnahme<\/p>\n","protected":false},"excerpt":{"rendered":"<p>Farbwannen Set mit 3 Moltopren Schaumstoffrollen, B\u00fcgel und Farbwanne \u25cf 3 feinporige Moltopren Schaumstoffrollen 11cm L\u00e4nge \u00f8 35mm Raumgewicht ca. 40 kg\/m\u00b3 \u25cf Schaumstoffrollen f\u00fcr einen<span class=\"excerpt-hellip\"> [\u2026]<\/span><\/p>\n","protected":false},"featured_media":6715,"template":"","meta":{"_acf_changed":false},"product_brand":[],"product_cat":[869],"product_tag":[],"class_list":{"0":"post-7433","1":"product","2":"type-product","3":"status-publish","4":"has-post-thumbnail","6":"product_cat-lackier-equipment","8":"first","9":"instock","10":"purchasable","11":"product-type-simple"},"acf":[],"_links":{"self":[{"href":"https:\/\/car-refinish-system.com\/beta\/wp-json\/wp\/v2\/product\/7433","targetHints":{"allow":["GET"]}}],"collection":[{"href":"https:\/\/car-refinish-system.com\/beta\/wp-json\/wp\/v2\/product"}],"about":[{"href":"https:\/\/car-refinish-system.com\/beta\/wp-json\/wp\/v2\/types\/product"}],"wp:featuredmedia":[{"embeddable":true,"href":"https:\/\/car-refinish-system.com\/beta\/wp-json\/wp\/v2\/media\/6715"}],"wp:attachment":[{"href":"https:\/\/car-refinish-system.com\/beta\/wp-json\/wp\/v2\/media?parent=7433"}],"wp:term":[{"taxonomy":"product_brand","embeddable":true,"href":"https:\/\/car-refinish-system.com\/beta\/wp-json\/wp\/v2\/product_brand?post=7433"},{"taxonomy":"product_cat","embeddable":true,"href":"https:\/\/car-refinish-system.com\/beta\/wp-json\/wp\/v2\/product_cat?post=7433"},{"taxonomy":"product_tag","embeddable":true,"href":"https:\/\/car-refinish-system.com\/beta\/wp-json\/wp\/v2\/product_tag?post=7433"}],"curies":[{"name":"wp","href":"https:\/\/api.w.org\/{rel}","templated":true}]}}