{"id":7434,"date":"2026-03-27T06:06:35","date_gmt":"2026-03-27T06:06:35","guid":{"rendered":"https:\/\/car-refinish-system.com\/beta\/produs\/dust-needle-set-holder-10-needles\/"},"modified":"2026-03-27T06:06:44","modified_gmt":"2026-03-27T06:06:44","slug":"dust-needle-set-holder-10-needles","status":"publish","type":"product","link":"https:\/\/car-refinish-system.com\/beta\/produs\/dust-needle-set-holder-10-needles\/","title":{"rendered":"Dust Needle Set Holder + 10 Needles"},"content":{"rendered":"<p>Dust Needle Set mit Holder und 10 Einwegersatznadeln<br \/>\n\u25cf Griffhalter wie Federhalter mit Clip<br \/>\n\u25cf spezielle Schutzkappe zum Schutz der Nadel<br \/>\n\u25cf 10 Einwegersatznadelk\u00f6pfe, mit 36 Nadeln im Verl\u00e4ngerungsdorn<br \/>\n\u25cf speziell geh\u00e4rtete-\/ nichtrostende-\/ beschichtete Mikronadelk\u00f6pfe<br \/>\n\u25cf stabiles Etui, zur Aufbewahrung und zum Schutz der beschichteten Mikronadelk\u00f6pfe und des Griffhalters<br \/>\n\u25cf W\u00e4hrend des Lackiervorganges kann es passieren, dass sich winzige Staubpartikel auf der noch nassen Lackschicht<br \/>\n    absetzen, welche kleine Unebenheiten oder Lackpickel in der Oberfl\u00e4che verursachen. Mit der &#8220;Dust Needle&#8221; werden diese<br \/>\n    Unebenheiten, wie  Staubk\u00f6rner (&#8220;Dust Nibs&#8221;) oder in der Lackierung befindliche Flusen, vorsichtig angehoben und\/oder<br \/>\n    herausgekratzt, ohne die umliegende Lackfl\u00e4che zu stark zu besch\u00e4digen. Wenn die Unebenheiten fr\u00fchzeitig entfernt werden<br \/>\n    kann in der Regel das Zulaufen\/Verlaufen des Na\u00dflackes stattfinden und es kann anschlie\u00dfend, nach Trocknung m\u00fchelos<br \/>\n    poliert werden.<\/p>\n","protected":false},"excerpt":{"rendered":"<p>Dust Needle Set mit Holder und 10 Einwegersatznadeln \u25cf Griffhalter wie Federhalter mit Clip \u25cf spezielle Schutzkappe zum Schutz der Nadel \u25cf 10 Einwegersatznadelk\u00f6pfe, mit 36<span class=\"excerpt-hellip\"> [\u2026]<\/span><\/p>\n","protected":false},"featured_media":6717,"template":"","meta":{"_acf_changed":false},"product_brand":[],"product_cat":[869],"product_tag":[],"class_list":{"0":"post-7434","1":"product","2":"type-product","3":"status-publish","4":"has-post-thumbnail","6":"product_cat-lackier-equipment","8":"first","9":"instock","10":"purchasable","11":"product-type-simple"},"acf":[],"_links":{"self":[{"href":"https:\/\/car-refinish-system.com\/beta\/wp-json\/wp\/v2\/product\/7434","targetHints":{"allow":["GET"]}}],"collection":[{"href":"https:\/\/car-refinish-system.com\/beta\/wp-json\/wp\/v2\/product"}],"about":[{"href":"https:\/\/car-refinish-system.com\/beta\/wp-json\/wp\/v2\/types\/product"}],"wp:featuredmedia":[{"embeddable":true,"href":"https:\/\/car-refinish-system.com\/beta\/wp-json\/wp\/v2\/media\/6717"}],"wp:attachment":[{"href":"https:\/\/car-refinish-system.com\/beta\/wp-json\/wp\/v2\/media?parent=7434"}],"wp:term":[{"taxonomy":"product_brand","embeddable":true,"href":"https:\/\/car-refinish-system.com\/beta\/wp-json\/wp\/v2\/product_brand?post=7434"},{"taxonomy":"product_cat","embeddable":true,"href":"https:\/\/car-refinish-system.com\/beta\/wp-json\/wp\/v2\/product_cat?post=7434"},{"taxonomy":"product_tag","embeddable":true,"href":"https:\/\/car-refinish-system.com\/beta\/wp-json\/wp\/v2\/product_tag?post=7434"}],"curies":[{"name":"wp","href":"https:\/\/api.w.org\/{rel}","templated":true}]}}