{"id":7441,"date":"2026-03-27T06:06:49","date_gmt":"2026-03-27T06:06:49","guid":{"rendered":"https:\/\/car-refinish-system.com\/beta\/produs\/mixing-stick-s-form-500pcs-20cm\/"},"modified":"2026-03-27T06:06:51","modified_gmt":"2026-03-27T06:06:51","slug":"mixing-stick-s-form-500pcs-20cm","status":"publish","type":"product","link":"https:\/\/car-refinish-system.com\/beta\/produs\/mixing-stick-s-form-500pcs-20cm\/","title":{"rendered":"Mixing Stick S-Form 500pcs 20cm"},"content":{"rendered":"<p>\u25cf optimaler R\u00fchrstab in S-Form mit Durchstr\u00f6mbohrungen f\u00fcr alle Fl\u00fcssigkeiten<br \/>\n\u25cf 500 St\u00fcck im praktischen Dispenserkarton zur optimalen Entnahme<br \/>\n\u25cf 20cm L\u00e4nge, ergonomische Form zum erm\u00fcdungsfreien Arbeiten<br \/>\n\u25cf reduziert das Vermischen von Fl\u00fcssigkeiten um 50%<br \/>\n\u25cf extrem leicht ca. 6g<br \/>\n\u25cf Silikon- und Trennmittelfrei<\/p>\n","protected":false},"excerpt":{"rendered":"<p>\u25cf optimaler R\u00fchrstab in S-Form mit Durchstr\u00f6mbohrungen f\u00fcr alle Fl\u00fcssigkeiten \u25cf 500 St\u00fcck im praktischen Dispenserkarton zur optimalen Entnahme \u25cf 20cm L\u00e4nge, ergonomische Form zum erm\u00fcdungsfreien<span class=\"excerpt-hellip\"> [\u2026]<\/span><\/p>\n","protected":false},"featured_media":6731,"template":"","meta":{"_acf_changed":false},"product_brand":[],"product_cat":[870],"product_tag":[],"class_list":{"0":"post-7441","1":"product","2":"type-product","3":"status-publish","4":"has-post-thumbnail","6":"product_cat-misch-dosier-euipment","8":"first","9":"instock","10":"purchasable","11":"product-type-simple"},"acf":[],"_links":{"self":[{"href":"https:\/\/car-refinish-system.com\/beta\/wp-json\/wp\/v2\/product\/7441","targetHints":{"allow":["GET"]}}],"collection":[{"href":"https:\/\/car-refinish-system.com\/beta\/wp-json\/wp\/v2\/product"}],"about":[{"href":"https:\/\/car-refinish-system.com\/beta\/wp-json\/wp\/v2\/types\/product"}],"wp:featuredmedia":[{"embeddable":true,"href":"https:\/\/car-refinish-system.com\/beta\/wp-json\/wp\/v2\/media\/6731"}],"wp:attachment":[{"href":"https:\/\/car-refinish-system.com\/beta\/wp-json\/wp\/v2\/media?parent=7441"}],"wp:term":[{"taxonomy":"product_brand","embeddable":true,"href":"https:\/\/car-refinish-system.com\/beta\/wp-json\/wp\/v2\/product_brand?post=7441"},{"taxonomy":"product_cat","embeddable":true,"href":"https:\/\/car-refinish-system.com\/beta\/wp-json\/wp\/v2\/product_cat?post=7441"},{"taxonomy":"product_tag","embeddable":true,"href":"https:\/\/car-refinish-system.com\/beta\/wp-json\/wp\/v2\/product_tag?post=7441"}],"curies":[{"name":"wp","href":"https:\/\/api.w.org\/{rel}","templated":true}]}}