{"id":7443,"date":"2026-03-27T06:06:49","date_gmt":"2026-03-27T06:06:49","guid":{"rendered":"https:\/\/car-refinish-system.com\/beta\/produs\/mixing-stick-alu-21-41-350-x-30-x-2mm\/"},"modified":"2026-03-27T06:06:52","modified_gmt":"2026-03-27T06:06:52","slug":"mixing-stick-alu-21-41-350-x-30-x-2mm","status":"publish","type":"product","link":"https:\/\/car-refinish-system.com\/beta\/produs\/mixing-stick-alu-21-41-350-x-30-x-2mm\/","title":{"rendered":"Mixing Stick Alu 21\/41 350 x 30 x 2mm"},"content":{"rendered":"<p>\u25cf Hochwertiger und professioneller Aluminium Mischstab f\u00fcr die Lackanmischung<br \/>\n\u25cf Mischskala 2:1 und 4:1 (dadurch ach als Mischskale 1:1 verwendbar)<br \/>\n\u25cf Angabe Verd\u00fcnnerzugabe 10%\/20%\/30%<br \/>\n\u25cf zur Anmischung von Lacken und Farben in zylindrischen Gebinden<br \/>\n\u25cf L\u00e4nge 350mm \/ Breite 30mm \/ Dicke 2mm<br \/>\n\u25cf sehr stabile Ausf\u00fchrung<br \/>\n\u25cf zum R\u00fchren, Aufr\u00fchren und Vermischen von fl\u00fcssigen Medien wie Lacke oder Farben<\/p>\n","protected":false},"excerpt":{"rendered":"<p>\u25cf Hochwertiger und professioneller Aluminium Mischstab f\u00fcr die Lackanmischung \u25cf Mischskala 2:1 und 4:1 (dadurch ach als Mischskale 1:1 verwendbar) \u25cf Angabe Verd\u00fcnnerzugabe 10%\/20%\/30% \u25cf zur<span class=\"excerpt-hellip\"> [\u2026]<\/span><\/p>\n","protected":false},"featured_media":6735,"template":"","meta":{"_acf_changed":false},"product_brand":[],"product_cat":[870],"product_tag":[],"class_list":{"0":"post-7443","1":"product","2":"type-product","3":"status-publish","4":"has-post-thumbnail","6":"product_cat-misch-dosier-euipment","8":"first","9":"instock","10":"purchasable","11":"product-type-simple"},"acf":[],"_links":{"self":[{"href":"https:\/\/car-refinish-system.com\/beta\/wp-json\/wp\/v2\/product\/7443","targetHints":{"allow":["GET"]}}],"collection":[{"href":"https:\/\/car-refinish-system.com\/beta\/wp-json\/wp\/v2\/product"}],"about":[{"href":"https:\/\/car-refinish-system.com\/beta\/wp-json\/wp\/v2\/types\/product"}],"wp:featuredmedia":[{"embeddable":true,"href":"https:\/\/car-refinish-system.com\/beta\/wp-json\/wp\/v2\/media\/6735"}],"wp:attachment":[{"href":"https:\/\/car-refinish-system.com\/beta\/wp-json\/wp\/v2\/media?parent=7443"}],"wp:term":[{"taxonomy":"product_brand","embeddable":true,"href":"https:\/\/car-refinish-system.com\/beta\/wp-json\/wp\/v2\/product_brand?post=7443"},{"taxonomy":"product_cat","embeddable":true,"href":"https:\/\/car-refinish-system.com\/beta\/wp-json\/wp\/v2\/product_cat?post=7443"},{"taxonomy":"product_tag","embeddable":true,"href":"https:\/\/car-refinish-system.com\/beta\/wp-json\/wp\/v2\/product_tag?post=7443"}],"curies":[{"name":"wp","href":"https:\/\/api.w.org\/{rel}","templated":true}]}}