{"id":7445,"date":"2026-03-27T06:06:49","date_gmt":"2026-03-27T06:06:49","guid":{"rendered":"https:\/\/car-refinish-system.com\/beta\/produs\/mixing-lid-for-mixing-machine-35l\/"},"modified":"2026-03-27T06:37:44","modified_gmt":"2026-03-27T06:37:44","slug":"mixing-lid-for-mixing-machine-35l","status":"publish","type":"product","link":"https:\/\/car-refinish-system.com\/beta\/produs\/mixing-lid-for-mixing-machine-35l\/","title":{"rendered":"Mixing Lid for Mixing Machine 3,5L"},"content":{"rendered":"<p>R\u00fchrdeckel f\u00fcr paddelbetriebene Mischanlage f\u00fcr alle Dosen in passender Gr\u00f6\u00dfe zum direkten Aufsetzen auf die Farbdose<br \/>\n\u25cf passend f\u00fcr alle 2,5L, 3L, 3,5, 3,75L Dosen mit \u00f8 165mm und sog. Double Tide, Triple Tide Rand<br \/>\n\u25cf optimale, feste und dichte Fixierung durch 4-fach Clipfixierung<br \/>\n\u25cf zur Aufbewahrung und einfachen tropffreien Dosierung von konventionellen und wasserbasierten Lacken\/Farben<br \/>\n\u25cf Ergonomischer Griff f\u00fcr leichtes und schonendes Tragen, Dosieren und Ausgie\u00dfen des Lackes\/Farbe<br \/>\n\u25cf f\u00fcr viele Mischanlage mit Antrieb \u00fcber R\u00fchrpaddel in der Mischmaschine kompatibel<\/p>\n","protected":false},"excerpt":{"rendered":"<p>R\u00fchrdeckel f\u00fcr paddelbetriebene Mischanlage f\u00fcr alle Dosen in passender Gr\u00f6\u00dfe zum direkten Aufsetzen auf die Farbdose \u25cf passend f\u00fcr alle 2,5L, 3L, 3,5, 3,75L Dosen mit<span class=\"excerpt-hellip\"> [\u2026]<\/span><\/p>\n","protected":false},"featured_media":7649,"template":"","meta":{"_acf_changed":false},"product_brand":[],"product_cat":[870],"product_tag":[],"class_list":{"0":"post-7445","1":"product","2":"type-product","3":"status-publish","4":"has-post-thumbnail","6":"product_cat-misch-dosier-euipment","8":"first","9":"instock","10":"purchasable","11":"product-type-simple"},"acf":[],"_links":{"self":[{"href":"https:\/\/car-refinish-system.com\/beta\/wp-json\/wp\/v2\/product\/7445","targetHints":{"allow":["GET"]}}],"collection":[{"href":"https:\/\/car-refinish-system.com\/beta\/wp-json\/wp\/v2\/product"}],"about":[{"href":"https:\/\/car-refinish-system.com\/beta\/wp-json\/wp\/v2\/types\/product"}],"wp:featuredmedia":[{"embeddable":true,"href":"https:\/\/car-refinish-system.com\/beta\/wp-json\/wp\/v2\/media\/7649"}],"wp:attachment":[{"href":"https:\/\/car-refinish-system.com\/beta\/wp-json\/wp\/v2\/media?parent=7445"}],"wp:term":[{"taxonomy":"product_brand","embeddable":true,"href":"https:\/\/car-refinish-system.com\/beta\/wp-json\/wp\/v2\/product_brand?post=7445"},{"taxonomy":"product_cat","embeddable":true,"href":"https:\/\/car-refinish-system.com\/beta\/wp-json\/wp\/v2\/product_cat?post=7445"},{"taxonomy":"product_tag","embeddable":true,"href":"https:\/\/car-refinish-system.com\/beta\/wp-json\/wp\/v2\/product_tag?post=7445"}],"curies":[{"name":"wp","href":"https:\/\/api.w.org\/{rel}","templated":true}]}}