{"id":7447,"date":"2026-03-27T06:06:49","date_gmt":"2026-03-27T06:06:49","guid":{"rendered":"https:\/\/car-refinish-system.com\/beta\/produs\/mixing-cup-dispenser-f-385ml-mix-cups\/"},"modified":"2026-03-27T06:06:54","modified_gmt":"2026-03-27T06:06:54","slug":"mixing-cup-dispenser-f-385ml-mix-cups","status":"publish","type":"product","link":"https:\/\/car-refinish-system.com\/beta\/produs\/mixing-cup-dispenser-f-385ml-mix-cups\/","title":{"rendered":"Mixing Cup Dispenser f 385ml Mix Cups"},"content":{"rendered":"<p>Mischbecher Dispenser f\u00fcr 385ml Mix Cups<br \/>\n\u25cf jeder Mischbecher kann einzeln durch mechanische Entnahme aus dem Dispenser gezogen werden<br \/>\n\u25cf f\u00fcr saubere und staubfreie Aufbewahrung von Mischbecher durch aufklappbare und verschlie\u00dfbaren Klappe beim bef\u00fcllen<br \/>\n\u25cf saubere Sortierung der Mischbecher und dadurch sauberer Anmischbereich von Farben und Lacken<br \/>\n\u25cf transparente Ausf\u00fchrung f\u00fcr optimale F\u00fcllstandskontrolle<br \/>\n\u25cf stabile Stahlkonstruktion mit hochwertiger und langlebiger Pulverbeschichtung<br \/>\n\u25cf H\u00f6he des Dispensers ca. 710mm, f\u00fcr ca. 65 &#8211; 75 Mischbecher je nach Gr\u00f6\u00dfe des Mischbechers<br \/>\n\u25cf f\u00fcr Wandmontage mit 2 Einh\u00e4ngelaschen (ohne Befestigungsmaterial)<\/p>\n","protected":false},"excerpt":{"rendered":"<p>Mischbecher Dispenser f\u00fcr 385ml Mix Cups \u25cf jeder Mischbecher kann einzeln durch mechanische Entnahme aus dem Dispenser gezogen werden \u25cf f\u00fcr saubere und staubfreie Aufbewahrung von<span class=\"excerpt-hellip\"> [\u2026]<\/span><\/p>\n","protected":false},"featured_media":6741,"template":"","meta":{"_acf_changed":false},"product_brand":[],"product_cat":[870],"product_tag":[],"class_list":{"0":"post-7447","1":"product","2":"type-product","3":"status-publish","4":"has-post-thumbnail","6":"product_cat-misch-dosier-euipment","8":"first","9":"instock","10":"purchasable","11":"product-type-simple"},"acf":[],"_links":{"self":[{"href":"https:\/\/car-refinish-system.com\/beta\/wp-json\/wp\/v2\/product\/7447","targetHints":{"allow":["GET"]}}],"collection":[{"href":"https:\/\/car-refinish-system.com\/beta\/wp-json\/wp\/v2\/product"}],"about":[{"href":"https:\/\/car-refinish-system.com\/beta\/wp-json\/wp\/v2\/types\/product"}],"wp:featuredmedia":[{"embeddable":true,"href":"https:\/\/car-refinish-system.com\/beta\/wp-json\/wp\/v2\/media\/6741"}],"wp:attachment":[{"href":"https:\/\/car-refinish-system.com\/beta\/wp-json\/wp\/v2\/media?parent=7447"}],"wp:term":[{"taxonomy":"product_brand","embeddable":true,"href":"https:\/\/car-refinish-system.com\/beta\/wp-json\/wp\/v2\/product_brand?post=7447"},{"taxonomy":"product_cat","embeddable":true,"href":"https:\/\/car-refinish-system.com\/beta\/wp-json\/wp\/v2\/product_cat?post=7447"},{"taxonomy":"product_tag","embeddable":true,"href":"https:\/\/car-refinish-system.com\/beta\/wp-json\/wp\/v2\/product_tag?post=7447"}],"curies":[{"name":"wp","href":"https:\/\/api.w.org\/{rel}","templated":true}]}}