{"id":7463,"date":"2026-03-27T06:07:04","date_gmt":"2026-03-27T06:07:04","guid":{"rendered":"https:\/\/car-refinish-system.com\/beta\/produs\/sps-mixing-cup-650ml-starter-set-1pcs-1cup1lid-125my1ridgid-cup1black-ring\/"},"modified":"2026-03-27T12:24:23","modified_gmt":"2026-03-27T12:24:23","slug":"sps-mixing-cup-650ml-starter-set-1pcs-1cup1lid-125my1ridgid-cup1black-ring","status":"publish","type":"product","link":"https:\/\/car-refinish-system.com\/beta\/produs\/sps-mixing-cup-650ml-starter-set-1pcs-1cup1lid-125my1ridgid-cup1black-ring\/","title":{"rendered":"SPS Mixing Cup 650ml Starter Set 1Pcs.1Cup+1Lid 125my+1Ridgid Cup+1Black Ring"},"content":{"rendered":"<p>\u25cf Hochwertiges Bechersystem zum Mischen und Verarbeiten von allen herk\u00f6mmlichen Farben und Lacken<br \/>\n\u25cf 650ml Farbbecher mit exaktem 125\u00b5m Filterdeckel f\u00fcr optimale Farbmischungen und Farbverarbeitung.<br \/>\n\u25cf Mischungsverh\u00e4ltnisse: Volumen 600ml; 5:3:1; 3:3:1;  2:1:1\/20%; 3:1:1\/20%; 4:1\/20% ; 5:1:1\/20%; 6:1:1\/20% \/ 7:1:1\/20%<br \/>\n\u25cf Innenbecher aus hochflexiblen, Silikon und Trennmittelfreiem, hochtransparentem LDPE,<br \/>\n\u25cf bruchsicherer Deckel \/ Au\u00dfenbecher und Verschlu\u00dfstopfen sowie Verschlu\u00dfring aus hochfestem PP<br \/>\n\u25cf hochwertiger Nylonsieb mit einer garantierten Maschengr\u00f6\u00dfe von 125\u00b5 im Deckel.<br \/>\n\u25cf Ideal f\u00fcr professionelle und garantiert saubere Ergebnisse bei der Lackverarbeitung\/Lackauftrag<br \/>\n\u25cf optimales Mischen von Farben und Lacken<br \/>\n\u25cf sicheres Aufbewahren der Lacke und Farben nach der Verarbeitung und dadurch optimale Wiederverwendbarkeit<br \/>\n\u25cf Einfache, optimale Handhabung und hochwertigstes langlebiges Material bieten h\u00f6chste Zuverl\u00e4ssigkeit beim Einsatz.<br \/>\n\u25cf Sehr hohe Arbeitserleichterung und maximale Zeitersparnis<br \/>\n\u25cf Lackierverarbeitung in fast jeder Position auch im Unterbodenbereich, Kofferr\u00e4umen oder Radk\u00e4sten (bei \u00dcberkopflackierungen)<br \/>\n\u25cf Schnelle und einfache Reinigung der Lackierpistole, dadurch drastisch reduzierter Zeit-,  Reinigungs-, und L\u00f6semittelverbrauch<br \/>\n\u25cf Verwendbar mit vielen Spritzpistolenmodellen siehe Adapterliste<br \/>\n\u25cf Hervorragend geeignet f\u00fcr Teillackierungen sowie Spot Repair, Farbmusterlackierung f\u00fcr Farbtonfindung und f\u00fcr Beispritzl\u00f6ser.<br \/>\n\u25cf Zum effektiven und bedarfsgerechten Anmischen von Lacken und Farben<br \/>\n\u25cf Zur sauberen Verarbeitung fast aller Lackmaterialien wie Basislack, 2K-Decklack, Klarlack und F\u00fcller<\/p>\n","protected":false},"excerpt":{"rendered":"<p>\u25cf Hochwertiges Bechersystem zum Mischen und Verarbeiten von allen herk\u00f6mmlichen Farben und Lacken \u25cf 650ml Farbbecher mit exaktem 125\u00b5m Filterdeckel f\u00fcr optimale Farbmischungen und Farbverarbeitung. \u25cf<span class=\"excerpt-hellip\"> [\u2026]<\/span><\/p>\n","protected":false},"featured_media":8277,"template":"","meta":{"_acf_changed":false},"product_brand":[],"product_cat":[870],"product_tag":[],"class_list":{"0":"post-7463","1":"product","2":"type-product","3":"status-publish","4":"has-post-thumbnail","6":"product_cat-misch-dosier-euipment","8":"first","9":"instock","10":"purchasable","11":"product-type-simple"},"acf":[],"_links":{"self":[{"href":"https:\/\/car-refinish-system.com\/beta\/wp-json\/wp\/v2\/product\/7463","targetHints":{"allow":["GET"]}}],"collection":[{"href":"https:\/\/car-refinish-system.com\/beta\/wp-json\/wp\/v2\/product"}],"about":[{"href":"https:\/\/car-refinish-system.com\/beta\/wp-json\/wp\/v2\/types\/product"}],"wp:featuredmedia":[{"embeddable":true,"href":"https:\/\/car-refinish-system.com\/beta\/wp-json\/wp\/v2\/media\/8277"}],"wp:attachment":[{"href":"https:\/\/car-refinish-system.com\/beta\/wp-json\/wp\/v2\/media?parent=7463"}],"wp:term":[{"taxonomy":"product_brand","embeddable":true,"href":"https:\/\/car-refinish-system.com\/beta\/wp-json\/wp\/v2\/product_brand?post=7463"},{"taxonomy":"product_cat","embeddable":true,"href":"https:\/\/car-refinish-system.com\/beta\/wp-json\/wp\/v2\/product_cat?post=7463"},{"taxonomy":"product_tag","embeddable":true,"href":"https:\/\/car-refinish-system.com\/beta\/wp-json\/wp\/v2\/product_tag?post=7463"}],"curies":[{"name":"wp","href":"https:\/\/api.w.org\/{rel}","templated":true}]}}