{"id":7484,"date":"2026-03-27T06:07:18","date_gmt":"2026-03-27T06:07:18","guid":{"rendered":"https:\/\/car-refinish-system.com\/beta\/produs\/sps-plastic-adapter-black-2asata-jet-b-nr-95-devilbiss-iwata-w400\/"},"modified":"2026-03-27T06:07:22","modified_gmt":"2026-03-27T06:07:22","slug":"sps-plastic-adapter-black-2asata-jet-b-nr-95-devilbiss-iwata-w400","status":"publish","type":"product","link":"https:\/\/car-refinish-system.com\/beta\/produs\/sps-plastic-adapter-black-2asata-jet-b-nr-95-devilbiss-iwata-w400\/","title":{"rendered":"SPS Plastic Adapter black 2A\nSata Jet-B\/NR-95 Devilbiss\/Iwata W400"},"content":{"rendered":"<p>\u25cf  L\u00f6semittelbest\u00e4ndiger Kunststoffadapter f\u00fcr CRS SPS Mixing Cup Nr. 2A<br \/>\n\u25cf  zur Aufnahme von CRS SPS Mixing Cups 180\/400\/650\/850ml<br \/>\n\u25cf  passend auf Sata JetB\/NR95, Devilbiss, Iwata W400<br \/>\n\u25cf  Das verwenden von anderen Adaptern au\u00dfer CRS Adaptern kann zu Undichtigkeit f\u00fchren<\/p>\n","protected":false},"excerpt":{"rendered":"<p>\u25cf L\u00f6semittelbest\u00e4ndiger Kunststoffadapter f\u00fcr CRS SPS Mixing Cup Nr. 2A \u25cf zur Aufnahme von CRS SPS Mixing Cups 180\/400\/650\/850ml \u25cf passend auf Sata JetB\/NR95, Devilbiss, Iwata<span class=\"excerpt-hellip\"> [\u2026]<\/span><\/p>\n","protected":false},"featured_media":6805,"template":"","meta":{"_acf_changed":false},"product_brand":[],"product_cat":[870],"product_tag":[],"class_list":{"0":"post-7484","1":"product","2":"type-product","3":"status-publish","4":"has-post-thumbnail","6":"product_cat-misch-dosier-euipment","8":"first","9":"instock","10":"purchasable","11":"product-type-simple"},"acf":[],"_links":{"self":[{"href":"https:\/\/car-refinish-system.com\/beta\/wp-json\/wp\/v2\/product\/7484","targetHints":{"allow":["GET"]}}],"collection":[{"href":"https:\/\/car-refinish-system.com\/beta\/wp-json\/wp\/v2\/product"}],"about":[{"href":"https:\/\/car-refinish-system.com\/beta\/wp-json\/wp\/v2\/types\/product"}],"wp:featuredmedia":[{"embeddable":true,"href":"https:\/\/car-refinish-system.com\/beta\/wp-json\/wp\/v2\/media\/6805"}],"wp:attachment":[{"href":"https:\/\/car-refinish-system.com\/beta\/wp-json\/wp\/v2\/media?parent=7484"}],"wp:term":[{"taxonomy":"product_brand","embeddable":true,"href":"https:\/\/car-refinish-system.com\/beta\/wp-json\/wp\/v2\/product_brand?post=7484"},{"taxonomy":"product_cat","embeddable":true,"href":"https:\/\/car-refinish-system.com\/beta\/wp-json\/wp\/v2\/product_cat?post=7484"},{"taxonomy":"product_tag","embeddable":true,"href":"https:\/\/car-refinish-system.com\/beta\/wp-json\/wp\/v2\/product_tag?post=7484"}],"curies":[{"name":"wp","href":"https:\/\/api.w.org\/{rel}","templated":true}]}}