{"id":7486,"date":"2026-03-27T06:07:18","date_gmt":"2026-03-27T06:07:18","guid":{"rendered":"https:\/\/car-refinish-system.com\/beta\/produs\/sps-plastic-adapter-black-55af-sata-qcc-jet-5500\/"},"modified":"2026-03-27T06:07:23","modified_gmt":"2026-03-27T06:07:23","slug":"sps-plastic-adapter-black-55af-sata-qcc-jet-5500","status":"publish","type":"product","link":"https:\/\/car-refinish-system.com\/beta\/produs\/sps-plastic-adapter-black-55af-sata-qcc-jet-5500\/","title":{"rendered":"SPS Plastic Adapter black 55A\nf. Sata QCC Jet 5500"},"content":{"rendered":"<p>\u25cf  L\u00f6semittelbest\u00e4ndiger Kunststoffadapter f\u00fcr CRS SPS Mixing Cup Nr. 55A<br \/>\n\u25cf  zur Aufnahme von CRS SPS Mixing Cups 180\/400\/650\/850ml<br \/>\n\u25cf  passend auf >= QCC Sata Jet 5500<br \/>\n\u25cf  Das verwenden von anderen Adaptern au\u00dfer CRS Adaptern, kann zu Undichtigkeit f\u00fchren<\/p>\n","protected":false},"excerpt":{"rendered":"<p>\u25cf L\u00f6semittelbest\u00e4ndiger Kunststoffadapter f\u00fcr CRS SPS Mixing Cup Nr. 55A \u25cf zur Aufnahme von CRS SPS Mixing Cups 180\/400\/650\/850ml \u25cf passend auf >= QCC Sata Jet<span class=\"excerpt-hellip\"> [\u2026]<\/span><\/p>\n","protected":false},"featured_media":6809,"template":"","meta":{"_acf_changed":false},"product_brand":[],"product_cat":[870],"product_tag":[],"class_list":{"0":"post-7486","1":"product","2":"type-product","3":"status-publish","4":"has-post-thumbnail","6":"product_cat-misch-dosier-euipment","8":"first","9":"instock","10":"purchasable","11":"product-type-simple"},"acf":[],"_links":{"self":[{"href":"https:\/\/car-refinish-system.com\/beta\/wp-json\/wp\/v2\/product\/7486","targetHints":{"allow":["GET"]}}],"collection":[{"href":"https:\/\/car-refinish-system.com\/beta\/wp-json\/wp\/v2\/product"}],"about":[{"href":"https:\/\/car-refinish-system.com\/beta\/wp-json\/wp\/v2\/types\/product"}],"wp:featuredmedia":[{"embeddable":true,"href":"https:\/\/car-refinish-system.com\/beta\/wp-json\/wp\/v2\/media\/6809"}],"wp:attachment":[{"href":"https:\/\/car-refinish-system.com\/beta\/wp-json\/wp\/v2\/media?parent=7486"}],"wp:term":[{"taxonomy":"product_brand","embeddable":true,"href":"https:\/\/car-refinish-system.com\/beta\/wp-json\/wp\/v2\/product_brand?post=7486"},{"taxonomy":"product_cat","embeddable":true,"href":"https:\/\/car-refinish-system.com\/beta\/wp-json\/wp\/v2\/product_cat?post=7486"},{"taxonomy":"product_tag","embeddable":true,"href":"https:\/\/car-refinish-system.com\/beta\/wp-json\/wp\/v2\/product_tag?post=7486"}],"curies":[{"name":"wp","href":"https:\/\/api.w.org\/{rel}","templated":true}]}}