{"id":7487,"date":"2026-03-27T06:07:18","date_gmt":"2026-03-27T06:07:18","guid":{"rendered":"https:\/\/car-refinish-system.com\/beta\/produs\/metal-can-tin-incl-lid-250-ml\/"},"modified":"2026-03-27T06:07:23","modified_gmt":"2026-03-27T06:07:23","slug":"metal-can-tin-incl-lid-250-ml","status":"publish","type":"product","link":"https:\/\/car-refinish-system.com\/beta\/produs\/metal-can-tin-incl-lid-250-ml\/","title":{"rendered":"Metal Can Tin incl. Lid 250 ml"},"content":{"rendered":"<p>\u25cf Wei\u00dfblechdose mit Deckel, zur Abf\u00fcllung von l\u00f6semittelbasierten Lacken<br \/>\n\u25cf 250ml &#8211; Abmessungen siehe Foto<br \/>\n\u25cf f\u00fcr Lackabmischungen oder zur Anmischung mit H\u00e4rter und Verd\u00fcnnung<br \/>\n\u25cf blanke, spezielle Dose mit entsprechender Dichtigkeit f\u00fcr Lacke und Farben<br \/>\n\u25cf Silikonfrei, \u00d6l- und Fettfrei<br \/>\n\u25cf gepr\u00fcft nach EDE BAM f\u00fcr Transporte<\/p>\n","protected":false},"excerpt":{"rendered":"<p>\u25cf Wei\u00dfblechdose mit Deckel, zur Abf\u00fcllung von l\u00f6semittelbasierten Lacken \u25cf 250ml &#8211; Abmessungen siehe Foto \u25cf f\u00fcr Lackabmischungen oder zur Anmischung mit H\u00e4rter und Verd\u00fcnnung \u25cf<span class=\"excerpt-hellip\"> [\u2026]<\/span><\/p>\n","protected":false},"featured_media":6811,"template":"","meta":{"_acf_changed":false},"product_brand":[],"product_cat":[870],"product_tag":[],"class_list":{"0":"post-7487","1":"product","2":"type-product","3":"status-publish","4":"has-post-thumbnail","6":"product_cat-misch-dosier-euipment","8":"first","9":"instock","10":"purchasable","11":"product-type-simple"},"acf":[],"_links":{"self":[{"href":"https:\/\/car-refinish-system.com\/beta\/wp-json\/wp\/v2\/product\/7487","targetHints":{"allow":["GET"]}}],"collection":[{"href":"https:\/\/car-refinish-system.com\/beta\/wp-json\/wp\/v2\/product"}],"about":[{"href":"https:\/\/car-refinish-system.com\/beta\/wp-json\/wp\/v2\/types\/product"}],"wp:featuredmedia":[{"embeddable":true,"href":"https:\/\/car-refinish-system.com\/beta\/wp-json\/wp\/v2\/media\/6811"}],"wp:attachment":[{"href":"https:\/\/car-refinish-system.com\/beta\/wp-json\/wp\/v2\/media?parent=7487"}],"wp:term":[{"taxonomy":"product_brand","embeddable":true,"href":"https:\/\/car-refinish-system.com\/beta\/wp-json\/wp\/v2\/product_brand?post=7487"},{"taxonomy":"product_cat","embeddable":true,"href":"https:\/\/car-refinish-system.com\/beta\/wp-json\/wp\/v2\/product_cat?post=7487"},{"taxonomy":"product_tag","embeddable":true,"href":"https:\/\/car-refinish-system.com\/beta\/wp-json\/wp\/v2\/product_tag?post=7487"}],"curies":[{"name":"wp","href":"https:\/\/api.w.org\/{rel}","templated":true}]}}