{"id":7490,"date":"2026-03-27T06:07:18","date_gmt":"2026-03-27T06:07:18","guid":{"rendered":"https:\/\/car-refinish-system.com\/beta\/produs\/metal-can-tin-incl-lid-375-l\/"},"modified":"2026-03-27T06:31:45","modified_gmt":"2026-03-27T06:31:45","slug":"metal-can-tin-incl-lid-375-l","status":"publish","type":"product","link":"https:\/\/car-refinish-system.com\/beta\/produs\/metal-can-tin-incl-lid-375-l\/","title":{"rendered":"Metal Can Tin incl Lid 3,75 L"},"content":{"rendered":"<p>\u25cf Wei\u00dfblechdose mit Deckel zur Abf\u00fcllung von l\u00f6semittelbasierten Lacken<br \/>\n\u25cf 3750ml &#8211; Abmessungen siehe Foto<br \/>\n\u25cf PDD DT l\/blk A\/wei\u00df<br \/>\n\u25cf Triple Tide Dose f\u00fcr extra dichten Verschluss<br \/>\n\u25cf f\u00fcr Lackmischmaschinen und entsprechender 3 L R\u00fchrdeckelaufnahme geeignet<br \/>\n\u25cf f\u00fcr Lackabmischngen an der Mischanlage oder zur Anmischung mit H\u00e4rter und Verd\u00fcnnung<br \/>\n\u25cf blanke, spezielle Dose mit entsprechender Dichtigkeit f\u00fcr Lacke und Farben<br \/>\n\u25cf Silikonfrei, \u00d6l- und Fettfrei<br \/>\n\u25cf mit Eindr\u00fcckdeckel TT Tech (Triple Tide Technology)<\/p>\n","protected":false},"excerpt":{"rendered":"<p>\u25cf Wei\u00dfblechdose mit Deckel zur Abf\u00fcllung von l\u00f6semittelbasierten Lacken \u25cf 3750ml &#8211; Abmessungen siehe Foto \u25cf PDD DT l\/blk A\/wei\u00df \u25cf Triple Tide Dose f\u00fcr extra<span class=\"excerpt-hellip\"> [\u2026]<\/span><\/p>\n","protected":false},"featured_media":7640,"template":"","meta":{"_acf_changed":false},"product_brand":[],"product_cat":[870],"product_tag":[],"class_list":{"0":"post-7490","1":"product","2":"type-product","3":"status-publish","4":"has-post-thumbnail","6":"product_cat-misch-dosier-euipment","8":"first","9":"instock","10":"purchasable","11":"product-type-simple"},"acf":[],"_links":{"self":[{"href":"https:\/\/car-refinish-system.com\/beta\/wp-json\/wp\/v2\/product\/7490","targetHints":{"allow":["GET"]}}],"collection":[{"href":"https:\/\/car-refinish-system.com\/beta\/wp-json\/wp\/v2\/product"}],"about":[{"href":"https:\/\/car-refinish-system.com\/beta\/wp-json\/wp\/v2\/types\/product"}],"wp:featuredmedia":[{"embeddable":true,"href":"https:\/\/car-refinish-system.com\/beta\/wp-json\/wp\/v2\/media\/7640"}],"wp:attachment":[{"href":"https:\/\/car-refinish-system.com\/beta\/wp-json\/wp\/v2\/media?parent=7490"}],"wp:term":[{"taxonomy":"product_brand","embeddable":true,"href":"https:\/\/car-refinish-system.com\/beta\/wp-json\/wp\/v2\/product_brand?post=7490"},{"taxonomy":"product_cat","embeddable":true,"href":"https:\/\/car-refinish-system.com\/beta\/wp-json\/wp\/v2\/product_cat?post=7490"},{"taxonomy":"product_tag","embeddable":true,"href":"https:\/\/car-refinish-system.com\/beta\/wp-json\/wp\/v2\/product_tag?post=7490"}],"curies":[{"name":"wp","href":"https:\/\/api.w.org\/{rel}","templated":true}]}}