{"id":7496,"date":"2026-03-27T06:07:18","date_gmt":"2026-03-27T06:07:18","guid":{"rendered":"https:\/\/car-refinish-system.com\/beta\/produs\/metal-can-tin-4wb-incl-lid-5-l\/"},"modified":"2026-03-27T06:07:28","modified_gmt":"2026-03-27T06:07:28","slug":"metal-can-tin-4wb-incl-lid-5-l","status":"publish","type":"product","link":"https:\/\/car-refinish-system.com\/beta\/produs\/metal-can-tin-4wb-incl-lid-5-l\/","title":{"rendered":"Metal Can Tin 4WB incl Lid 5 L"},"content":{"rendered":"<p>\u25cf Innenlackierter Wei\u00dfblecheimer zur Abf\u00fcllung von wasserbasierten- und l\u00f6semittelbasierten Lacken<br \/>\n\u25cf 5000ml &#8211; Abmessungen siehe Foto<br \/>\n\u25cf f\u00fcr Lackabmischngen oder zur Anmischung mit H\u00e4rter und Verd\u00fcnnung<br \/>\n\u25cf au\u00dfen blank, spezielle Dose mit entsprechender Dichtigkeit f\u00fcr Lacke und Farben<br \/>\n\u25cf Silikonfrei, \u00d6l- und Fettfrei<br \/>\n\u25cf mit Henkel, Deckel und Spannring<br \/>\n\u25cf gepr\u00fcft nach EDE BAM f\u00fcr Transporte<\/p>\n","protected":false},"excerpt":{"rendered":"<p>\u25cf Innenlackierter Wei\u00dfblecheimer zur Abf\u00fcllung von wasserbasierten- und l\u00f6semittelbasierten Lacken \u25cf 5000ml &#8211; Abmessungen siehe Foto \u25cf f\u00fcr Lackabmischngen oder zur Anmischung mit H\u00e4rter und Verd\u00fcnnung<span class=\"excerpt-hellip\"> [\u2026]<\/span><\/p>\n","protected":false},"featured_media":6827,"template":"","meta":{"_acf_changed":false},"product_brand":[],"product_cat":[870],"product_tag":[],"class_list":{"0":"post-7496","1":"product","2":"type-product","3":"status-publish","4":"has-post-thumbnail","6":"product_cat-misch-dosier-euipment","8":"first","9":"instock","10":"purchasable","11":"product-type-simple"},"acf":[],"_links":{"self":[{"href":"https:\/\/car-refinish-system.com\/beta\/wp-json\/wp\/v2\/product\/7496","targetHints":{"allow":["GET"]}}],"collection":[{"href":"https:\/\/car-refinish-system.com\/beta\/wp-json\/wp\/v2\/product"}],"about":[{"href":"https:\/\/car-refinish-system.com\/beta\/wp-json\/wp\/v2\/types\/product"}],"wp:featuredmedia":[{"embeddable":true,"href":"https:\/\/car-refinish-system.com\/beta\/wp-json\/wp\/v2\/media\/6827"}],"wp:attachment":[{"href":"https:\/\/car-refinish-system.com\/beta\/wp-json\/wp\/v2\/media?parent=7496"}],"wp:term":[{"taxonomy":"product_brand","embeddable":true,"href":"https:\/\/car-refinish-system.com\/beta\/wp-json\/wp\/v2\/product_brand?post=7496"},{"taxonomy":"product_cat","embeddable":true,"href":"https:\/\/car-refinish-system.com\/beta\/wp-json\/wp\/v2\/product_cat?post=7496"},{"taxonomy":"product_tag","embeddable":true,"href":"https:\/\/car-refinish-system.com\/beta\/wp-json\/wp\/v2\/product_tag?post=7496"}],"curies":[{"name":"wp","href":"https:\/\/api.w.org\/{rel}","templated":true}]}}