{"id":7499,"date":"2026-03-27T06:07:32","date_gmt":"2026-03-27T06:07:32","guid":{"rendered":"https:\/\/car-refinish-system.com\/beta\/produs\/dosierhahn-dosing-tap-f-plastic-canisters\/"},"modified":"2026-03-27T06:07:33","modified_gmt":"2026-03-27T06:07:33","slug":"dosierhahn-dosing-tap-f-plastic-canisters","status":"publish","type":"product","link":"https:\/\/car-refinish-system.com\/beta\/produs\/dosierhahn-dosing-tap-f-plastic-canisters\/","title":{"rendered":"Dosierhahn\/Dosing tap f. plastic canisters"},"content":{"rendered":"<p>Dosierhahn\/Dosing tap f\u00fcr 30L Plastikkanister<br \/>\n\u25cf Auslaufhahn f\u00fcr exakte Dosierung und Ab-Umf\u00fcllen von fl\u00fcssigen Reinigungsmittel, Chemikalien oder Desinfektionsstoffen<br \/>\n\u25cf integrierter Drehmechanismus zur pr\u00e4zisen Steuerung des Fl\u00fcssigkeitsflusses<br \/>\n\u25cf Hohe chemische Best\u00e4ndigkeit gegen S\u00e4uren, Laugen, Reinigungsmittel, \u00d6le u.v.m.. Auch f\u00fcr Lebensmittel geeignet.<br \/>\n\u25cf f\u00fcr eine effiziente und saubere Fl\u00fcssigkeitsabgabe durch spezielle Luftr\u00fcckf\u00fchrung.<br \/>\n\u25cf f\u00fcr Nichtbel\u00fcftete Gef\u00e4\u00dfe geeignet um eine Gluckerfreie Entnahme zu gew\u00e4hrleisten<br \/>\n\u25cf Geh\u00e4use\/Kappe: Polyethylen (PE). Hebel: Polypropylen (PP). Dichtungen: EPE (f\u00fcr das Gewinde) und EPDM (f\u00fcr den Zapfen).<br \/>\n\u25cf Abmessung DIN 61 f\u00fcr Kanistergr\u00f6\u00dfe 5L bis 200L<br \/>\n\u25cf Au\u00dfendurchmesser (Gewinde): ca. 60,5 mm; Innendurchmesser (Kanisterhals): ca. 55,6 mm.<br \/>\n\u25cf Gewindesteigung (P): 6 mm.<br \/>\n\u25cf Auslauf-Durchmesser innen 18 mm\/ au\u00dfen 23mm (erm\u00f6glicht das Bef\u00fcllen auch kleinerer Flaschenh\u00e4lse).<br \/>\n\u25cf Auslauf-L\u00e4nge: ca. 30 mm.<br \/>\n\u25cf Durchflussrate: max. ca. 70ml pro Sekunde (abh\u00e4ngig von der Viskosit\u00e4t der Fl\u00fcssigkeit).<\/p>\n","protected":false},"excerpt":{"rendered":"<p>Dosierhahn\/Dosing tap f\u00fcr 30L Plastikkanister \u25cf Auslaufhahn f\u00fcr exakte Dosierung und Ab-Umf\u00fcllen von fl\u00fcssigen Reinigungsmittel, Chemikalien oder Desinfektionsstoffen \u25cf integrierter Drehmechanismus zur pr\u00e4zisen Steuerung des Fl\u00fcssigkeitsflusses<span class=\"excerpt-hellip\"> [\u2026]<\/span><\/p>\n","protected":false},"featured_media":6833,"template":"","meta":{"_acf_changed":false},"product_brand":[],"product_cat":[870],"product_tag":[],"class_list":{"0":"post-7499","1":"product","2":"type-product","3":"status-publish","4":"has-post-thumbnail","6":"product_cat-misch-dosier-euipment","8":"first","9":"instock","10":"purchasable","11":"product-type-simple"},"acf":[],"_links":{"self":[{"href":"https:\/\/car-refinish-system.com\/beta\/wp-json\/wp\/v2\/product\/7499","targetHints":{"allow":["GET"]}}],"collection":[{"href":"https:\/\/car-refinish-system.com\/beta\/wp-json\/wp\/v2\/product"}],"about":[{"href":"https:\/\/car-refinish-system.com\/beta\/wp-json\/wp\/v2\/types\/product"}],"wp:featuredmedia":[{"embeddable":true,"href":"https:\/\/car-refinish-system.com\/beta\/wp-json\/wp\/v2\/media\/6833"}],"wp:attachment":[{"href":"https:\/\/car-refinish-system.com\/beta\/wp-json\/wp\/v2\/media?parent=7499"}],"wp:term":[{"taxonomy":"product_brand","embeddable":true,"href":"https:\/\/car-refinish-system.com\/beta\/wp-json\/wp\/v2\/product_brand?post=7499"},{"taxonomy":"product_cat","embeddable":true,"href":"https:\/\/car-refinish-system.com\/beta\/wp-json\/wp\/v2\/product_cat?post=7499"},{"taxonomy":"product_tag","embeddable":true,"href":"https:\/\/car-refinish-system.com\/beta\/wp-json\/wp\/v2\/product_tag?post=7499"}],"curies":[{"name":"wp","href":"https:\/\/api.w.org\/{rel}","templated":true}]}}