{"id":7501,"date":"2026-03-27T06:07:32","date_gmt":"2026-03-27T06:07:32","guid":{"rendered":"https:\/\/car-refinish-system.com\/beta\/produs\/kanister-5l-met-42mm-din\/"},"modified":"2026-03-27T06:07:34","modified_gmt":"2026-03-27T06:07:34","slug":"kanister-5l-met-42mm-din","status":"publish","type":"product","link":"https:\/\/car-refinish-system.com\/beta\/produs\/kanister-5l-met-42mm-din\/","title":{"rendered":"Kanister 5L Met. 42mm DIN"},"content":{"rendered":"<p>\u25cf Wei\u00dfblechkanister mit wei\u00dfer Au\u00dfenlackierung zur Abf\u00fcllung von l\u00f6semittelbasierten Lacken<br \/>\n\u25cf 5000ml \/ H300mm \/ W125mm \/ L164mm<br \/>\n\u25cf Internationaler Gebindecode UN 3A1 \/ Y \/ 170 \/ 18<br \/>\n\u25cf \u00d6ffnung f\u00fcr \u00f842mm DIN-Verschl\u00fcsse<br \/>\n\u25cf wei\u00dfer, spezieller Kanister mit entsprechender Dichtigkeit f\u00fcr Lacke, Farben und L\u00f6semittel<br \/>\n\u25cf Silikonfrei, \u00d6l- und Fettfrei<br \/>\n\u25cf mit Kunststoffhenkel<br \/>\n\u25cf gepr\u00fcft nach EDE BAM 7547 -KHV f\u00fcr Transporte<\/p>\n","protected":false},"excerpt":{"rendered":"<p>\u25cf Wei\u00dfblechkanister mit wei\u00dfer Au\u00dfenlackierung zur Abf\u00fcllung von l\u00f6semittelbasierten Lacken \u25cf 5000ml \/ H300mm \/ W125mm \/ L164mm \u25cf Internationaler Gebindecode UN 3A1 \/ Y \/<span class=\"excerpt-hellip\"> [\u2026]<\/span><\/p>\n","protected":false},"featured_media":6836,"template":"","meta":{"_acf_changed":false},"product_brand":[],"product_cat":[870],"product_tag":[],"class_list":{"0":"post-7501","1":"product","2":"type-product","3":"status-publish","4":"has-post-thumbnail","6":"product_cat-misch-dosier-euipment","8":"first","9":"instock","10":"purchasable","11":"product-type-simple"},"acf":[],"_links":{"self":[{"href":"https:\/\/car-refinish-system.com\/beta\/wp-json\/wp\/v2\/product\/7501","targetHints":{"allow":["GET"]}}],"collection":[{"href":"https:\/\/car-refinish-system.com\/beta\/wp-json\/wp\/v2\/product"}],"about":[{"href":"https:\/\/car-refinish-system.com\/beta\/wp-json\/wp\/v2\/types\/product"}],"wp:featuredmedia":[{"embeddable":true,"href":"https:\/\/car-refinish-system.com\/beta\/wp-json\/wp\/v2\/media\/6836"}],"wp:attachment":[{"href":"https:\/\/car-refinish-system.com\/beta\/wp-json\/wp\/v2\/media?parent=7501"}],"wp:term":[{"taxonomy":"product_brand","embeddable":true,"href":"https:\/\/car-refinish-system.com\/beta\/wp-json\/wp\/v2\/product_brand?post=7501"},{"taxonomy":"product_cat","embeddable":true,"href":"https:\/\/car-refinish-system.com\/beta\/wp-json\/wp\/v2\/product_cat?post=7501"},{"taxonomy":"product_tag","embeddable":true,"href":"https:\/\/car-refinish-system.com\/beta\/wp-json\/wp\/v2\/product_tag?post=7501"}],"curies":[{"name":"wp","href":"https:\/\/api.w.org\/{rel}","templated":true}]}}