{"id":7503,"date":"2026-03-27T06:07:32","date_gmt":"2026-03-27T06:07:32","guid":{"rendered":"https:\/\/car-refinish-system.com\/beta\/produs\/bottle-for-solventbesed-paints-hardener-500ml\/"},"modified":"2026-03-27T06:26:29","modified_gmt":"2026-03-27T06:26:29","slug":"bottle-for-solventbesed-paints-hardener-500ml","status":"publish","type":"product","link":"https:\/\/car-refinish-system.com\/beta\/produs\/bottle-for-solventbesed-paints-hardener-500ml\/","title":{"rendered":"Bottle for Solventbesed Paints\/Hardener 500ml"},"content":{"rendered":"<p>\u25cf  Wei\u00dfblech Flachflasche blank 500ml zur Abf\u00fcllung von l\u00f6semittelbasierten Lacken und H\u00e4rter<br \/>\n\u25cf  Abmessung siehe Produktfoto<br \/>\n\u25cf  mit \u00d6ffnung 42mm DIN Verschluss<\/p>\n","protected":false},"excerpt":{"rendered":"<p>\u25cf Wei\u00dfblech Flachflasche blank 500ml zur Abf\u00fcllung von l\u00f6semittelbasierten Lacken und H\u00e4rter \u25cf Abmessung siehe Produktfoto \u25cf mit \u00d6ffnung 42mm DIN Verschluss<\/p>\n","protected":false},"featured_media":7631,"template":"","meta":{"_acf_changed":false},"product_brand":[],"product_cat":[870],"product_tag":[],"class_list":{"0":"post-7503","1":"product","2":"type-product","3":"status-publish","4":"has-post-thumbnail","6":"product_cat-misch-dosier-euipment","8":"first","9":"instock","10":"purchasable","11":"product-type-simple"},"acf":[],"_links":{"self":[{"href":"https:\/\/car-refinish-system.com\/beta\/wp-json\/wp\/v2\/product\/7503","targetHints":{"allow":["GET"]}}],"collection":[{"href":"https:\/\/car-refinish-system.com\/beta\/wp-json\/wp\/v2\/product"}],"about":[{"href":"https:\/\/car-refinish-system.com\/beta\/wp-json\/wp\/v2\/types\/product"}],"wp:featuredmedia":[{"embeddable":true,"href":"https:\/\/car-refinish-system.com\/beta\/wp-json\/wp\/v2\/media\/7631"}],"wp:attachment":[{"href":"https:\/\/car-refinish-system.com\/beta\/wp-json\/wp\/v2\/media?parent=7503"}],"wp:term":[{"taxonomy":"product_brand","embeddable":true,"href":"https:\/\/car-refinish-system.com\/beta\/wp-json\/wp\/v2\/product_brand?post=7503"},{"taxonomy":"product_cat","embeddable":true,"href":"https:\/\/car-refinish-system.com\/beta\/wp-json\/wp\/v2\/product_cat?post=7503"},{"taxonomy":"product_tag","embeddable":true,"href":"https:\/\/car-refinish-system.com\/beta\/wp-json\/wp\/v2\/product_tag?post=7503"}],"curies":[{"name":"wp","href":"https:\/\/api.w.org\/{rel}","templated":true}]}}