{"id":7508,"date":"2026-03-27T06:07:32","date_gmt":"2026-03-27T06:07:32","guid":{"rendered":"https:\/\/car-refinish-system.com\/beta\/produs\/maskingfoil-liquid-maskpeel-white-5l\/"},"modified":"2026-03-27T06:28:45","modified_gmt":"2026-03-27T06:28:45","slug":"maskingfoil-liquid-maskpeel-white-5l","status":"publish","type":"product","link":"https:\/\/car-refinish-system.com\/beta\/produs\/maskingfoil-liquid-maskpeel-white-5l\/","title":{"rendered":"MaskingFoil Liquid Mask&#038;Peel white 5L"},"content":{"rendered":"<p>\u25cf Fl\u00fcssige, wei\u00dfe Abdeckfolie zum Schutz f\u00fcr Objekte, im speziellen auch f\u00fcr Lackierkabinen<br \/>\n\u25cf 5 L, wei\u00df, 0,5 -0,7L\/m\u00b2 bei 3-4 notwenigen Schichten nach je 15 Minuten Trockenzeit, Durchtrocknung ca. 3h\/20\u00b0C<br \/>\n\u25cf Festk\u00f6rpergehalt ca. 15%, spez. Gewicht ca. 1,2<br \/>\n\u25cf zum Schutz von Objekten gegen Verschmutzung oder Farbnebel<br \/>\n\u25cf vor dem Auftrag die Oberfl\u00e4che Reinigen und Entfetten und vollst\u00e4ndig trocknen lassen<br \/>\n\u25cf nur f\u00fcr glatte beschichtete Oberfl\u00e4chen geeignet<br \/>\n\u25cf wasserbasierende spritzbare Abdeckfolie zum Schutz von Lackierkabinen oder anderen Objekten<br \/>\n\u25cf vollfl\u00e4chig geschlossener Auftrag notwendig bei ca. 2m\u00b3\/L in 3 Schichten<br \/>\n\u25cf \u25cf !! fl\u00fcssige Abdeckfolie fr\u00fch genug Entfernen, da ansonsten eventuell schlecht abl\u00f6sbar !!<br \/>\n\u25cf Abwaschbar falls notwendig mit einem Hochdruckreiniger<br \/>\n\u25cf max. Einsatz ca. 120 Lackierzyklon oder ca. 3 Monate<br \/>\n\u25cf Aufbringung bei ca.22\u00b0C (eventuell vorheizen), per Spritzpistole\/D\u00fcsengr\u00f6\u00dfe 2,0mm &#8211; 2,5mm und einem Druck von 2-2,5bar<\/p>\n","protected":false},"excerpt":{"rendered":"<p>\u25cf Fl\u00fcssige, wei\u00dfe Abdeckfolie zum Schutz f\u00fcr Objekte, im speziellen auch f\u00fcr Lackierkabinen \u25cf 5 L, wei\u00df, 0,5 -0,7L\/m\u00b2 bei 3-4 notwenigen Schichten nach je 15<span class=\"excerpt-hellip\"> [\u2026]<\/span><\/p>\n","protected":false},"featured_media":7634,"template":"","meta":{"_acf_changed":false},"product_brand":[],"product_cat":[871],"product_tag":[],"class_list":{"0":"post-7508","1":"product","2":"type-product","3":"status-publish","4":"has-post-thumbnail","6":"product_cat-spray-kabinen-equipment","8":"first","9":"instock","10":"purchasable","11":"product-type-simple"},"acf":[],"_links":{"self":[{"href":"https:\/\/car-refinish-system.com\/beta\/wp-json\/wp\/v2\/product\/7508","targetHints":{"allow":["GET"]}}],"collection":[{"href":"https:\/\/car-refinish-system.com\/beta\/wp-json\/wp\/v2\/product"}],"about":[{"href":"https:\/\/car-refinish-system.com\/beta\/wp-json\/wp\/v2\/types\/product"}],"wp:featuredmedia":[{"embeddable":true,"href":"https:\/\/car-refinish-system.com\/beta\/wp-json\/wp\/v2\/media\/7634"}],"wp:attachment":[{"href":"https:\/\/car-refinish-system.com\/beta\/wp-json\/wp\/v2\/media?parent=7508"}],"wp:term":[{"taxonomy":"product_brand","embeddable":true,"href":"https:\/\/car-refinish-system.com\/beta\/wp-json\/wp\/v2\/product_brand?post=7508"},{"taxonomy":"product_cat","embeddable":true,"href":"https:\/\/car-refinish-system.com\/beta\/wp-json\/wp\/v2\/product_cat?post=7508"},{"taxonomy":"product_tag","embeddable":true,"href":"https:\/\/car-refinish-system.com\/beta\/wp-json\/wp\/v2\/product_tag?post=7508"}],"curies":[{"name":"wp","href":"https:\/\/api.w.org\/{rel}","templated":true}]}}