{"id":7511,"date":"2026-03-27T06:07:32","date_gmt":"2026-03-27T06:07:32","guid":{"rendered":"https:\/\/car-refinish-system.com\/beta\/produs\/magnetfix-set-w-47cm20cm-highadhesion\/"},"modified":"2026-03-27T12:29:07","modified_gmt":"2026-03-27T12:29:07","slug":"magnetfix-set-w-47cm20cm-highadhesion","status":"publish","type":"product","link":"https:\/\/car-refinish-system.com\/beta\/produs\/magnetfix-set-w-47cm20cm-highadhesion\/","title":{"rendered":"MagnetFix Set w 47cm+20cm highAdhesion"},"content":{"rendered":"<p>MagnetFix Set bestehend aus 47cm und 20 cm Stabmagneten mit sehr guter Haftung und Gewichtsaufnahme<br \/>\n\u25cf 200mm \u00d7 25mm \u00d7 14 mm und 470mm \u00d7 25mm \u00d7 14 mm<br \/>\n\u25cf Magnetleiste 200 mm\/Magnetische L\u00e4nge: 150 mm und Magnetleiste 470 mm\/ Magnetische L\u00e4nge: 400 mm<br \/>\n\u25cf Maximale Tragkraft ca. 3 kg; Gewicht ca. 300g und Maximale Tragkraft ca. 5 kg; Gewicht ca. 450g<br \/>\n\u25cf Material: Ferrit\/Keramikmagnete mit Kohlenstoffstahl<br \/>\n\u25cf im speziellen zum Montieren und Anhaften von Kabinenfolien um das Flattern der angebrachten Folie zu vermeiden.<br \/>\n\u25cf optimal als Werkzeugleiste einsetzbar.<br \/>\n\u25cf sowohl auf metallischen Untergr\u00fcnden als auch zur Wandmontage (durch Befestigungsmaterial) geeignet<\/p>\n","protected":false},"excerpt":{"rendered":"<p>MagnetFix Set bestehend aus 47cm und 20 cm Stabmagneten mit sehr guter Haftung und Gewichtsaufnahme \u25cf 200mm \u00d7 25mm \u00d7 14 mm und 470mm \u00d7 25mm<span class=\"excerpt-hellip\"> [\u2026]<\/span><\/p>\n","protected":false},"featured_media":8307,"template":"","meta":{"_acf_changed":false},"product_brand":[],"product_cat":[871],"product_tag":[],"class_list":{"0":"post-7511","1":"product","2":"type-product","3":"status-publish","4":"has-post-thumbnail","6":"product_cat-spray-kabinen-equipment","8":"first","9":"instock","10":"purchasable","11":"product-type-simple"},"acf":[],"_links":{"self":[{"href":"https:\/\/car-refinish-system.com\/beta\/wp-json\/wp\/v2\/product\/7511","targetHints":{"allow":["GET"]}}],"collection":[{"href":"https:\/\/car-refinish-system.com\/beta\/wp-json\/wp\/v2\/product"}],"about":[{"href":"https:\/\/car-refinish-system.com\/beta\/wp-json\/wp\/v2\/types\/product"}],"wp:featuredmedia":[{"embeddable":true,"href":"https:\/\/car-refinish-system.com\/beta\/wp-json\/wp\/v2\/media\/8307"}],"wp:attachment":[{"href":"https:\/\/car-refinish-system.com\/beta\/wp-json\/wp\/v2\/media?parent=7511"}],"wp:term":[{"taxonomy":"product_brand","embeddable":true,"href":"https:\/\/car-refinish-system.com\/beta\/wp-json\/wp\/v2\/product_brand?post=7511"},{"taxonomy":"product_cat","embeddable":true,"href":"https:\/\/car-refinish-system.com\/beta\/wp-json\/wp\/v2\/product_cat?post=7511"},{"taxonomy":"product_tag","embeddable":true,"href":"https:\/\/car-refinish-system.com\/beta\/wp-json\/wp\/v2\/product_tag?post=7511"}],"curies":[{"name":"wp","href":"https:\/\/api.w.org\/{rel}","templated":true}]}}