{"id":7514,"date":"2026-03-27T06:07:32","date_gmt":"2026-03-27T06:07:32","guid":{"rendered":"https:\/\/car-refinish-system.com\/beta\/produs\/universal-surface-restorer-750ml\/"},"modified":"2026-04-28T07:26:19","modified_gmt":"2026-04-28T07:26:19","slug":"universal-surface-restorer-750ml","status":"publish","type":"product","link":"https:\/\/car-refinish-system.com\/beta\/produs\/universal-surface-restorer-750ml\/","title":{"rendered":"Universal Surface Restorer 750ml"},"content":{"rendered":"<p>Rostversiegelung und Oberfl\u00e4chenauffrischer f\u00fcr viele Oberflachen wie Kunststoffe oder l\u00f6sungsmittelhaltige Anstriche<br \/>\n\u25cf transparent, leicht gelblich, spez. Gewicht 0,85g\/m\u00b3, VOC 620g\/L,<br \/>\n\u25cf sehr ergiebig 8m\u00b2 &#8211; 25m\u00b2 je nach Oberfl\u00e4chenstruktur Erstauftrag mindestens 4 und 6 mal d\u00fcnnfl\u00fcssig aufbringen\/verreiben.<br \/>\n\u25cf lufttrocknendes Produkt auf der Basis von verschiedenen Natur\u00f6len<br \/>\n\u25cf frischt fast alle Oberfl\u00e4chen auf und l\u00e4sst diese f\u00fcr viele Monate wie neu erscheinen<br \/>\n\u25cf optimal zur Reinigung\/Entfernung von Politurresten welche auf Kunststoff schwer zu entfernen sind.<br \/>\n\u25cf Stoppt Rost zuverl\u00e4ssig und stabilisiert vorhandene Rostschichten. Dringt tief ein, verdr\u00e4ngt Luft &#038; Feuchtigkeit.<br \/>\n\u25cf Kriecht in schwer zug\u00e4ngliche Stellen<br \/>\n\u25cf Verfestigt und versiegelt geb\u00fcrstete Rostoberfl\u00e4chen und verhindert das Weiterrosten<br \/>\n\u25cf silikonfrei, lufttrocknend, Trockenzeit je nach Oberfl\u00e4che zwischen 5Min und 24 Stunden<br \/>\n\u25cf \u00dcbersch\u00fcssiges Material entfernen, danach weder fettig noch schmierig und nach Trocknung sehr gut \u00fcberstreichbar<br \/>\n\u25cf \u00dcberlackierbar und dadurch perfekter Haftgrund f\u00fcr weitere Anstriche<br \/>\n\u25cf Verabeitungstemperatur von ab +1\u00b0C<br \/>\n\u25cf f\u00fcr innen und au\u00dfen verwendbar<br \/>\n\u25cf f\u00fcr Kunststoffe, Metall, Aluminium, Chrom, Edelstahl, Buntmetalle, Holz und viele andere Materialien<br \/>\n\u25cf Bei Anwendung auf Holz, wird, wir eine Feuchtigkeitsaufnahme des Holzes stark erschwert<br \/>\n\u25cf auch als Farbadditiv f\u00fcr 1K L\u00f6semittellacke, Streichf\u00e4higkeit von Anstrichmittel wird optimiert<br \/>\n\u25cf erh\u00f6ht die Haftung &#038; Haltbarkeit des Anstrichstoffes<br \/>\n\u25cf Arbeitsger\u00e4te und verwendete Auftragst\u00fccher ausbreiten und trocknen lassen (Entz\u00fcndungsgefahr!)<br \/>\n\u25cf Verarbeitung mit Spritzger\u00e4ten, Rolle, Pinsel oder T\u00fcchern. Reinigung bevor Trocknung mit Terpentinersatz<br \/>\n\u25cf nicht in Kunststoffbeh\u00e4ltern aufbewahren!<\/p>\n","protected":false},"excerpt":{"rendered":"<p>Rostversiegelung und Oberfl\u00e4chenauffrischer f\u00fcr viele Oberflachen wie Kunststoffe oder l\u00f6sungsmittelhaltige Anstriche \u25cf transparent, leicht gelblich, spez. Gewicht 0,85g\/m\u00b3, VOC 620g\/L, \u25cf sehr ergiebig 8m\u00b2 &#8211; 25m\u00b2<span class=\"excerpt-hellip\"> [\u2026]<\/span><\/p>\n","protected":false},"featured_media":6855,"template":"","meta":{"_acf_changed":false},"product_brand":[],"product_cat":[872],"product_tag":[],"class_list":{"0":"post-7514","1":"product","2":"type-product","3":"status-publish","4":"has-post-thumbnail","6":"product_cat-oberflaechenbehandlung-polieren","8":"first","9":"instock","10":"purchasable","11":"product-type-simple"},"acf":[],"_links":{"self":[{"href":"https:\/\/car-refinish-system.com\/beta\/wp-json\/wp\/v2\/product\/7514","targetHints":{"allow":["GET"]}}],"collection":[{"href":"https:\/\/car-refinish-system.com\/beta\/wp-json\/wp\/v2\/product"}],"about":[{"href":"https:\/\/car-refinish-system.com\/beta\/wp-json\/wp\/v2\/types\/product"}],"wp:featuredmedia":[{"embeddable":true,"href":"https:\/\/car-refinish-system.com\/beta\/wp-json\/wp\/v2\/media\/6855"}],"wp:attachment":[{"href":"https:\/\/car-refinish-system.com\/beta\/wp-json\/wp\/v2\/media?parent=7514"}],"wp:term":[{"taxonomy":"product_brand","embeddable":true,"href":"https:\/\/car-refinish-system.com\/beta\/wp-json\/wp\/v2\/product_brand?post=7514"},{"taxonomy":"product_cat","embeddable":true,"href":"https:\/\/car-refinish-system.com\/beta\/wp-json\/wp\/v2\/product_cat?post=7514"},{"taxonomy":"product_tag","embeddable":true,"href":"https:\/\/car-refinish-system.com\/beta\/wp-json\/wp\/v2\/product_tag?post=7514"}],"curies":[{"name":"wp","href":"https:\/\/api.w.org\/{rel}","templated":true}]}}