{"id":7519,"date":"2026-03-27T06:07:46","date_gmt":"2026-03-27T06:07:46","guid":{"rendered":"https:\/\/car-refinish-system.com\/beta\/produs\/polish-comp-blue-750g-anti-hologrammperfect-rd-8-super-gloss-5-0-3-8-3\/"},"modified":"2026-03-27T06:07:47","modified_gmt":"2026-03-27T06:07:47","slug":"polish-comp-blue-750g-anti-hologrammperfect-rd-8-super-gloss-5-0-3-8-3","status":"publish","type":"product","link":"https:\/\/car-refinish-system.com\/beta\/produs\/polish-comp-blue-750g-anti-hologrammperfect-rd-8-super-gloss-5-0-3-8-3\/","title":{"rendered":"Polish. Comp. Blue 750g Anti Hologramm\nPerfect RD-8 Super Gloss 5.0.3.8.3"},"content":{"rendered":"<p>\u25cf wei\u00df-transparente, silikonfreie, Anti-Hologramm Polierpaste mit sehr leichter Schleifleistung und exzellentem Oberfl\u00e4chenfinish<br \/>\n\u25cf zum Bearbeiten von Oberfl\u00e4chenst\u00f6rungen und Wirbelspuren (Hologrammen) ab K\u00f6rnung P2500\/P3000<br \/>\n\u25cf verz\u00f6gerte Trocknung und dadurch sehr lange Verarbeitungszeit<br \/>\n\u25cf dickfl\u00fcssig mit einer Viskosit\u00e4t von ca. 16000 mPa\u00b4s, PH-Wert ca. 7,5<br \/>\n\u25cf optimal in der Bearbeitung mit schwarzen CRS Polierpads<br \/>\n\u25cf angenehmer Geruch bei der Verarbeitung<br \/>\n\u25cf sowohl mit wenig Wasser als auch ohne Wasser zu verarbeiten<br \/>\n\u25cf zum schnellen und optimalen Entfernen von Lacknebel bei der Reparaturlackierung,<br \/>\n\u25cf zur schnellen Oberfl\u00e4chenbearbeitung in der Lackaufbereitung<br \/>\n\u25cf zur Bearbeitung mit Rotations- \/Exzenterpolier und Dual Action Poliermaschinen mit passenden Polierpads<br \/>\n\u25cf zum Entfernen von Oxidationsspuren, Oberfl\u00e4chenunreinheiten und Lacksch\u00e4den durch Autowaschanlagen<br \/>\n\u25cf Einfach und schnell auch von Kunststoff-\/ und Gummioberfl\u00e4chen ohne Zusatzmittel abwischbar<br \/>\n\u25cf Erzielung eines sehr hohen Glanzgrades durch kleine und gro\u00dfe Aluminiumoxidpartikel<\/p>\n","protected":false},"excerpt":{"rendered":"<p>\u25cf wei\u00df-transparente, silikonfreie, Anti-Hologramm Polierpaste mit sehr leichter Schleifleistung und exzellentem Oberfl\u00e4chenfinish \u25cf zum Bearbeiten von Oberfl\u00e4chenst\u00f6rungen und Wirbelspuren (Hologrammen) ab K\u00f6rnung P2500\/P3000 \u25cf verz\u00f6gerte Trocknung<span class=\"excerpt-hellip\"> [\u2026]<\/span><\/p>\n","protected":false},"featured_media":6865,"template":"","meta":{"_acf_changed":false},"product_brand":[],"product_cat":[872],"product_tag":[],"class_list":{"0":"post-7519","1":"product","2":"type-product","3":"status-publish","4":"has-post-thumbnail","6":"product_cat-oberflaechenbehandlung-polieren","8":"first","9":"instock","10":"purchasable","11":"product-type-simple"},"acf":[],"_links":{"self":[{"href":"https:\/\/car-refinish-system.com\/beta\/wp-json\/wp\/v2\/product\/7519","targetHints":{"allow":["GET"]}}],"collection":[{"href":"https:\/\/car-refinish-system.com\/beta\/wp-json\/wp\/v2\/product"}],"about":[{"href":"https:\/\/car-refinish-system.com\/beta\/wp-json\/wp\/v2\/types\/product"}],"wp:featuredmedia":[{"embeddable":true,"href":"https:\/\/car-refinish-system.com\/beta\/wp-json\/wp\/v2\/media\/6865"}],"wp:attachment":[{"href":"https:\/\/car-refinish-system.com\/beta\/wp-json\/wp\/v2\/media?parent=7519"}],"wp:term":[{"taxonomy":"product_brand","embeddable":true,"href":"https:\/\/car-refinish-system.com\/beta\/wp-json\/wp\/v2\/product_brand?post=7519"},{"taxonomy":"product_cat","embeddable":true,"href":"https:\/\/car-refinish-system.com\/beta\/wp-json\/wp\/v2\/product_cat?post=7519"},{"taxonomy":"product_tag","embeddable":true,"href":"https:\/\/car-refinish-system.com\/beta\/wp-json\/wp\/v2\/product_tag?post=7519"}],"curies":[{"name":"wp","href":"https:\/\/api.w.org\/{rel}","templated":true}]}}