{"id":7527,"date":"2026-03-27T06:07:46","date_gmt":"2026-03-27T06:07:46","guid":{"rendered":"https:\/\/car-refinish-system.com\/beta\/produs\/backing-pad-115mm-hard-noh-velcro-m14\/"},"modified":"2026-03-27T06:07:51","modified_gmt":"2026-03-27T06:07:51","slug":"backing-pad-115mm-hard-noh-velcro-m14","status":"publish","type":"product","link":"https:\/\/car-refinish-system.com\/beta\/produs\/backing-pad-115mm-hard-noh-velcro-m14\/","title":{"rendered":"Backing Pad 115mm hard NoH Velcro M14"},"content":{"rendered":"<p>\u25cf sehr hochwertiger, PU Klettteller mit M14 Gewinde zum Schleifen und Polieren<br \/>\n\u25cf 115mm \/ ohne Loch<br \/>\n\u25cf extrem stabiler und metallverst\u00e4rktes eingebettetes M14 Gewinde<br \/>\n\u25cf Deckteller aus Epoxidharz-Laminat mit glasfaserverst\u00e4rktem Kunststoff<br \/>\n\u25cf Bruchsicher auch bei starker Beanspruchung<br \/>\n\u25cf Kompatibel mit allen Polier-\/ Schleifmaschinen, welche eine M14 Gewindeaufnahme unterst\u00fctzen<br \/>\n\u25cf 14mm hohe Ausf\u00fchrung bei 10.000 U\/min max.<br \/>\n\u25cf harte Ausf\u00fchrung ideal geeignet zum Polieren gro\u00dfer Fl\u00e4chen sowie Ecken und Kanten.<br \/>\n\u25cf hochwertigster Klettbelag f\u00fcr schnelles Wechseln von Polierpads<br \/>\n\u25cf f\u00fcr Grobschliff sowie zum Polieren optimal geeignet<br \/>\n\u25cf speziell getestete und ausgewuchtete Bauweise und dadurch vibrationsreduziertes Polieren<br \/>\n\u25cf zum Polieren f\u00fcr gro\u00dfe Fl\u00e4chen, Ecken, Kanten und Rundungen.<\/p>\n","protected":false},"excerpt":{"rendered":"<p>\u25cf sehr hochwertiger, PU Klettteller mit M14 Gewinde zum Schleifen und Polieren \u25cf 115mm \/ ohne Loch \u25cf extrem stabiler und metallverst\u00e4rktes eingebettetes M14 Gewinde \u25cf<span class=\"excerpt-hellip\"> [\u2026]<\/span><\/p>\n","protected":false},"featured_media":6881,"template":"","meta":{"_acf_changed":false},"product_brand":[],"product_cat":[872],"product_tag":[],"class_list":{"0":"post-7527","1":"product","2":"type-product","3":"status-publish","4":"has-post-thumbnail","6":"product_cat-oberflaechenbehandlung-polieren","8":"first","9":"instock","10":"purchasable","11":"product-type-simple"},"acf":[],"_links":{"self":[{"href":"https:\/\/car-refinish-system.com\/beta\/wp-json\/wp\/v2\/product\/7527","targetHints":{"allow":["GET"]}}],"collection":[{"href":"https:\/\/car-refinish-system.com\/beta\/wp-json\/wp\/v2\/product"}],"about":[{"href":"https:\/\/car-refinish-system.com\/beta\/wp-json\/wp\/v2\/types\/product"}],"wp:featuredmedia":[{"embeddable":true,"href":"https:\/\/car-refinish-system.com\/beta\/wp-json\/wp\/v2\/media\/6881"}],"wp:attachment":[{"href":"https:\/\/car-refinish-system.com\/beta\/wp-json\/wp\/v2\/media?parent=7527"}],"wp:term":[{"taxonomy":"product_brand","embeddable":true,"href":"https:\/\/car-refinish-system.com\/beta\/wp-json\/wp\/v2\/product_brand?post=7527"},{"taxonomy":"product_cat","embeddable":true,"href":"https:\/\/car-refinish-system.com\/beta\/wp-json\/wp\/v2\/product_cat?post=7527"},{"taxonomy":"product_tag","embeddable":true,"href":"https:\/\/car-refinish-system.com\/beta\/wp-json\/wp\/v2\/product_tag?post=7527"}],"curies":[{"name":"wp","href":"https:\/\/api.w.org\/{rel}","templated":true}]}}