{"id":7531,"date":"2026-03-27T06:07:46","date_gmt":"2026-03-27T06:07:46","guid":{"rendered":"https:\/\/car-refinish-system.com\/beta\/produs\/polish-rup-pad-blue-150-130mm-coarse-cut\/"},"modified":"2026-03-27T06:07:53","modified_gmt":"2026-03-27T06:07:53","slug":"polish-rup-pad-blue-150-130mm-coarse-cut","status":"publish","type":"product","link":"https:\/\/car-refinish-system.com\/beta\/produs\/polish-rup-pad-blue-150-130mm-coarse-cut\/","title":{"rendered":"Polish RUP Pad Blue 150\/130mm Coarse Cut"},"content":{"rendered":"<p>spezielles hochwertiges Polierpad der neuesten Generation<br \/>\n\u25cf spezielle offenzellige Schaumstoffstrukturtechnologie<br \/>\n\u25cf zum Entfernen leichter bis schwerer Defekte and der Lackoberfl\u00e4che, Defektkorrektur auf fast allen Lacksystemen<br \/>\n\u25cf kontinuierliche Bel\u00fcftung des Polierpads<br \/>\n\u25cf Minimierung der Hitzeentwicklung am Lack, dadurch wird ein vorzeitiges Austrocknen der Politur verhindert wird.<br \/>\n\u25cf Reduzierung\/Senkung des Risikos von Lacksch\u00e4den durch reduzierte Hitzentwicklung dadurch h\u00f6here Standzeit der Politur<br \/>\n\u25cf konisches Profil 130 mm Klettauflage auf 150 mm Polierfl\u00e4che<br \/>\n\u25cf Die konische Form (Pufferzone), sch\u00fctzt den Lack vor versehentlichem Kontakt mit dem harten St\u00fctzteller<br \/>\n\u25cf die konische Form ist optimal geeignet zum polieren von Sicken und Kanten<br \/>\n\u25cf besonders formstabiler Schaumstoff extrem hohe Stauchh\u00e4rte<br \/>\n\u25cf optimale \u00dcbertragung der mechanische Energie der Exzenterbewegung (Hub) direkt auf den Lack<br \/>\n\u25cf minimale Deformierung das Schaumstoffpads<br \/>\n\u25cf zentrale Bohrung, die zur besseren Zentrierung auf dem St\u00fctzteller und zur zus\u00e4tzlichen W\u00e4rmeableitung<br \/>\n\u25cf zum effizienten Entfernen tiefer Kratzer, Swirls, Oxidation und Schleifspuren (bis zu einer K\u00f6rnung von P1500)<br \/>\n\u25cf spezielles Pad f\u00fcr Exzenterpolierer<\/p>\n","protected":false},"excerpt":{"rendered":"<p>spezielles hochwertiges Polierpad der neuesten Generation \u25cf spezielle offenzellige Schaumstoffstrukturtechnologie \u25cf zum Entfernen leichter bis schwerer Defekte and der Lackoberfl\u00e4che, Defektkorrektur auf fast allen Lacksystemen \u25cf<span class=\"excerpt-hellip\"> [\u2026]<\/span><\/p>\n","protected":false},"featured_media":6889,"template":"","meta":{"_acf_changed":false},"product_brand":[],"product_cat":[872],"product_tag":[],"class_list":{"0":"post-7531","1":"product","2":"type-product","3":"status-publish","4":"has-post-thumbnail","6":"product_cat-oberflaechenbehandlung-polieren","8":"first","9":"instock","10":"purchasable","11":"product-type-simple"},"acf":[],"_links":{"self":[{"href":"https:\/\/car-refinish-system.com\/beta\/wp-json\/wp\/v2\/product\/7531","targetHints":{"allow":["GET"]}}],"collection":[{"href":"https:\/\/car-refinish-system.com\/beta\/wp-json\/wp\/v2\/product"}],"about":[{"href":"https:\/\/car-refinish-system.com\/beta\/wp-json\/wp\/v2\/types\/product"}],"wp:featuredmedia":[{"embeddable":true,"href":"https:\/\/car-refinish-system.com\/beta\/wp-json\/wp\/v2\/media\/6889"}],"wp:attachment":[{"href":"https:\/\/car-refinish-system.com\/beta\/wp-json\/wp\/v2\/media?parent=7531"}],"wp:term":[{"taxonomy":"product_brand","embeddable":true,"href":"https:\/\/car-refinish-system.com\/beta\/wp-json\/wp\/v2\/product_brand?post=7531"},{"taxonomy":"product_cat","embeddable":true,"href":"https:\/\/car-refinish-system.com\/beta\/wp-json\/wp\/v2\/product_cat?post=7531"},{"taxonomy":"product_tag","embeddable":true,"href":"https:\/\/car-refinish-system.com\/beta\/wp-json\/wp\/v2\/product_tag?post=7531"}],"curies":[{"name":"wp","href":"https:\/\/api.w.org\/{rel}","templated":true}]}}