{"id":7539,"date":"2026-03-27T06:08:00","date_gmt":"2026-03-27T06:08:00","guid":{"rendered":"https:\/\/car-refinish-system.com\/beta\/produs\/polish-rup-pad-white-150-130mm-finish-cut\/"},"modified":"2026-03-27T06:08:01","modified_gmt":"2026-03-27T06:08:01","slug":"polish-rup-pad-white-150-130mm-finish-cut","status":"publish","type":"product","link":"https:\/\/car-refinish-system.com\/beta\/produs\/polish-rup-pad-white-150-130mm-finish-cut\/","title":{"rendered":"Polish. RUP Pad White 150\/130mm Finish Cut"},"content":{"rendered":"<p>spezielles hochwertiges Hochglanzpolierpad der neuesten Generation<br \/>\n\u25cf spezielle extrem-feinzellige und extrem dichte Schaumstoffstrukturtechnologie<br \/>\n\u25cf zum Entfernen erzielen brillanter Hochglanzeffekte und hologrammfreier Lackoberfl\u00e4chen<br \/>\n\u25cf Defektkorrektur auf fast allen Lacksystemen<br \/>\n\u25cf kontinuierliche Bel\u00fcftung des Polierpads<br \/>\n\u25cf Minimierung der Hitzeentwicklung am Lack, dadurch wird ein vorzeitiges Austrocknen der Politur verhindert wird.<br \/>\n\u25cf Reduzierung\/Senkung des Risikos von Lacksch\u00e4den durch reduzierte Hitzentwicklung dadurch h\u00f6here Standzeit der Politur<br \/>\n\u25cf konisches Profil 130 mm Klettauflage auf 150 mm Polierfl\u00e4che<br \/>\n\u25cf Die konische Form (Pufferzone), sch\u00fctzt den Lack vor versehentlichem Kontakt mit dem harten St\u00fctzteller<br \/>\n\u25cf die konische Form ist optimal geeignet zum polieren von Sicken und Kanten<br \/>\n\u25cf besonders formstabiler Schaumstoff durch niedrige Stauchh\u00e4rte<br \/>\n\u25cf minimale Deformierung das Schaumstoffpads<br \/>\n\u25cf zentrale Bohrung, die zur besseren Zentrierung auf dem St\u00fctzteller und zur zus\u00e4tzlichen W\u00e4rmeableitung<br \/>\n\u25cf zum effizienten Auftragen von Hochglanzpolituren\/Fl\u00fcssigwachsen zum Erzielen von brillanten Hochglanzeffekten<br \/>\n\u25cf spezielles Pad f\u00fcr Exzenterpolierer<\/p>\n","protected":false},"excerpt":{"rendered":"<p>spezielles hochwertiges Hochglanzpolierpad der neuesten Generation \u25cf spezielle extrem-feinzellige und extrem dichte Schaumstoffstrukturtechnologie \u25cf zum Entfernen erzielen brillanter Hochglanzeffekte und hologrammfreier Lackoberfl\u00e4chen \u25cf Defektkorrektur auf fast<span class=\"excerpt-hellip\"> [\u2026]<\/span><\/p>\n","protected":false},"featured_media":6904,"template":"","meta":{"_acf_changed":false},"product_brand":[],"product_cat":[872],"product_tag":[],"class_list":{"0":"post-7539","1":"product","2":"type-product","3":"status-publish","4":"has-post-thumbnail","6":"product_cat-oberflaechenbehandlung-polieren","8":"first","9":"instock","10":"purchasable","11":"product-type-simple"},"acf":[],"_links":{"self":[{"href":"https:\/\/car-refinish-system.com\/beta\/wp-json\/wp\/v2\/product\/7539","targetHints":{"allow":["GET"]}}],"collection":[{"href":"https:\/\/car-refinish-system.com\/beta\/wp-json\/wp\/v2\/product"}],"about":[{"href":"https:\/\/car-refinish-system.com\/beta\/wp-json\/wp\/v2\/types\/product"}],"wp:featuredmedia":[{"embeddable":true,"href":"https:\/\/car-refinish-system.com\/beta\/wp-json\/wp\/v2\/media\/6904"}],"wp:attachment":[{"href":"https:\/\/car-refinish-system.com\/beta\/wp-json\/wp\/v2\/media?parent=7539"}],"wp:term":[{"taxonomy":"product_brand","embeddable":true,"href":"https:\/\/car-refinish-system.com\/beta\/wp-json\/wp\/v2\/product_brand?post=7539"},{"taxonomy":"product_cat","embeddable":true,"href":"https:\/\/car-refinish-system.com\/beta\/wp-json\/wp\/v2\/product_cat?post=7539"},{"taxonomy":"product_tag","embeddable":true,"href":"https:\/\/car-refinish-system.com\/beta\/wp-json\/wp\/v2\/product_tag?post=7539"}],"curies":[{"name":"wp","href":"https:\/\/api.w.org\/{rel}","templated":true}]}}