{"id":7541,"date":"2026-03-27T06:08:00","date_gmt":"2026-03-27T06:08:00","guid":{"rendered":"https:\/\/car-refinish-system.com\/beta\/produs\/polish-pad-lambswool-150mm-10mm-nature-soft\/"},"modified":"2026-03-27T06:08:02","modified_gmt":"2026-03-27T06:08:02","slug":"polish-pad-lambswool-150mm-10mm-nature-soft","status":"publish","type":"product","link":"https:\/\/car-refinish-system.com\/beta\/produs\/polish-pad-lambswool-150mm-10mm-nature-soft\/","title":{"rendered":"Polish Pad Lambswool 150mm\/10mm nature soft"},"content":{"rendered":"<p>&#8220;Lammfell&#8221; Polierpad soft zum Einsatz als &#8220;Heavy Cut&#8221; \/ &#8220;Medium Cut&#8221; und &#8220;Soft Cut&#8221; Polierpad<br \/>\n\u25cf Mischgewebe aus hochwertiger Merino Wolle und synthetische Wolle<br \/>\n\u25cf \u00f8 150mm mit 10mm Fadenl\u00e4nge<br \/>\n\u25cf farbige Schaumstoffschicht zur Minimierung der Hitzentwicklung<br \/>\n\u25cf Schaumstoffschicht als Zwischenschicht f\u00fcr eine gleichm\u00e4\u00dfige Druckverteilung und bessere W\u00e4rmeableitung<br \/>\n\u25cf spezielles Pads f\u00fcr starke Abrasivit\u00e4t<br \/>\n\u25cf Entfernen von tiefen Kratzern und starken Lackdefekten verwendet.<br \/>\n\u25cf Die kurze 10-mm-Wolle sorgt f\u00fcr ein direktes Polierergebnis und nimmt weniger Politur auf als l\u00e4ngere Versionen.<br \/>\n\u25cf Schaumstoffschicht als Zwischenschicht f\u00fcr eine gleichm\u00e4\u00dfige Druckverteilung und bessere W\u00e4rmeableitung<br \/>\n\u25cf zum effizienten Entfernen tiefer Kratzer, Swirls, Oxidation und Schleifspuren (bis zu einer K\u00f6rnung von P1500)<br \/>\n\u25cf zum effizienten Entfernen feiner Kratzer, Grauschleier und Hologramme (Schleifspurenentfernung bis P P3000)<br \/>\n\u25cf zum effizienten Auftragen von Hochglanzpolituren\/Fl\u00fcssigwachsen zum Erzielen von brillanten Hochglanzeffekten<br \/>\n\u25cf spezielles Pad f\u00fcr Exzenterpolierer und Rotationspolierer<\/p>\n","protected":false},"excerpt":{"rendered":"<p>&#8220;Lammfell&#8221; Polierpad soft zum Einsatz als &#8220;Heavy Cut&#8221; \/ &#8220;Medium Cut&#8221; und &#8220;Soft Cut&#8221; Polierpad \u25cf Mischgewebe aus hochwertiger Merino Wolle und synthetische Wolle \u25cf \u00f8<span class=\"excerpt-hellip\"> [\u2026]<\/span><\/p>\n","protected":false},"featured_media":6908,"template":"","meta":{"_acf_changed":false},"product_brand":[],"product_cat":[872],"product_tag":[],"class_list":{"0":"post-7541","1":"product","2":"type-product","3":"status-publish","4":"has-post-thumbnail","6":"product_cat-oberflaechenbehandlung-polieren","8":"first","9":"instock","10":"purchasable","11":"product-type-simple"},"acf":[],"_links":{"self":[{"href":"https:\/\/car-refinish-system.com\/beta\/wp-json\/wp\/v2\/product\/7541","targetHints":{"allow":["GET"]}}],"collection":[{"href":"https:\/\/car-refinish-system.com\/beta\/wp-json\/wp\/v2\/product"}],"about":[{"href":"https:\/\/car-refinish-system.com\/beta\/wp-json\/wp\/v2\/types\/product"}],"wp:featuredmedia":[{"embeddable":true,"href":"https:\/\/car-refinish-system.com\/beta\/wp-json\/wp\/v2\/media\/6908"}],"wp:attachment":[{"href":"https:\/\/car-refinish-system.com\/beta\/wp-json\/wp\/v2\/media?parent=7541"}],"wp:term":[{"taxonomy":"product_brand","embeddable":true,"href":"https:\/\/car-refinish-system.com\/beta\/wp-json\/wp\/v2\/product_brand?post=7541"},{"taxonomy":"product_cat","embeddable":true,"href":"https:\/\/car-refinish-system.com\/beta\/wp-json\/wp\/v2\/product_cat?post=7541"},{"taxonomy":"product_tag","embeddable":true,"href":"https:\/\/car-refinish-system.com\/beta\/wp-json\/wp\/v2\/product_tag?post=7541"}],"curies":[{"name":"wp","href":"https:\/\/api.w.org\/{rel}","templated":true}]}}