{"id":7546,"date":"2026-03-27T06:08:00","date_gmt":"2026-03-27T06:08:00","guid":{"rendered":"https:\/\/car-refinish-system.com\/beta\/produs\/magnetic-gun-holder-duo\/"},"modified":"2026-03-27T06:08:05","modified_gmt":"2026-03-27T06:08:05","slug":"magnetic-gun-holder-duo","status":"publish","type":"product","link":"https:\/\/car-refinish-system.com\/beta\/produs\/magnetic-gun-holder-duo\/","title":{"rendered":"Magnetic Gun Holder Duo"},"content":{"rendered":"<p>Magnetischer Lackierpistolen-Halter zur Aufnahme von 2 Lackierpistolen<br \/>\n\u25cf f\u00fcr alle Flie\u00dfbecher-Pistolentypen mit passenden Abmessungen geeignet<br \/>\n\u25cf Ma\u00dfe 140mm x 200mm (Aufh\u00e4ngeplattform)<br \/>\n\u25cf Formstabil mit einer Materialst\u00e4rke 2mm<br \/>\n\u25cf sehr leicht 1,1kg und trotzdem sehr stabil<br \/>\n\u25cf Magnethaltekraft ca. 4,5-5,5kg\/Gesamtzugkraft ca. 20kg (auf glatten sauberen magnetischen Untergr\u00fcnden)<br \/>\n\u25cf Robuste Ausf\u00fchrung mit pulverbeschichteter Oberfl\u00e4che f\u00fcr einfache und leichte Reinigung<br \/>\n\u25cf Aufnahme\u00f6ffnungen 30mm x 65mm f\u00fcr die Aufnahme von 2  Flie\u00dfbecher-Pistolentypen mit passenden Abmessungen<br \/>\n\u25cf zum Tragen von 2 komplett mit Lack gef\u00fcllten Spritzpisten (bei Materialgewicht mit einer Dichte von 1,25)<br \/>\n\u25cf Aufnahme\u00f6ffnung 20mm 25mm um Druckluftschl\u00e4uche einzuh\u00e4ngen<br \/>\n\u25cf 2 L\u00f6cher f\u00fcr das kurzfristige Aufnehmen\/Einstecken von kleinerenn Werkzeugen wie Luftabblasepistolen usw.<br \/>\n\u25cf sofort ohne spezielle Montage einsetzbar (metallische Aufnahme sollte eine Dicke von 1,2mm haben)<br \/>\n\u25cf mit starken Magneten auf der R\u00fcckseite, f\u00fcr eine schnelle Montage an allen glatten metallischen Oberfl\u00e4chen<\/p>\n","protected":false},"excerpt":{"rendered":"<p>Magnetischer Lackierpistolen-Halter zur Aufnahme von 2 Lackierpistolen \u25cf f\u00fcr alle Flie\u00dfbecher-Pistolentypen mit passenden Abmessungen geeignet \u25cf Ma\u00dfe 140mm x 200mm (Aufh\u00e4ngeplattform) \u25cf Formstabil mit einer Materialst\u00e4rke<span class=\"excerpt-hellip\"> [\u2026]<\/span><\/p>\n","protected":false},"featured_media":6916,"template":"","meta":{"_acf_changed":false},"product_brand":[],"product_cat":[873],"product_tag":[],"class_list":{"0":"post-7546","1":"product","2":"type-product","3":"status-publish","4":"has-post-thumbnail","6":"product_cat-lackierequipment-zubehoer","8":"first","9":"instock","10":"purchasable","11":"product-type-simple"},"acf":[],"_links":{"self":[{"href":"https:\/\/car-refinish-system.com\/beta\/wp-json\/wp\/v2\/product\/7546","targetHints":{"allow":["GET"]}}],"collection":[{"href":"https:\/\/car-refinish-system.com\/beta\/wp-json\/wp\/v2\/product"}],"about":[{"href":"https:\/\/car-refinish-system.com\/beta\/wp-json\/wp\/v2\/types\/product"}],"wp:featuredmedia":[{"embeddable":true,"href":"https:\/\/car-refinish-system.com\/beta\/wp-json\/wp\/v2\/media\/6916"}],"wp:attachment":[{"href":"https:\/\/car-refinish-system.com\/beta\/wp-json\/wp\/v2\/media?parent=7546"}],"wp:term":[{"taxonomy":"product_brand","embeddable":true,"href":"https:\/\/car-refinish-system.com\/beta\/wp-json\/wp\/v2\/product_brand?post=7546"},{"taxonomy":"product_cat","embeddable":true,"href":"https:\/\/car-refinish-system.com\/beta\/wp-json\/wp\/v2\/product_cat?post=7546"},{"taxonomy":"product_tag","embeddable":true,"href":"https:\/\/car-refinish-system.com\/beta\/wp-json\/wp\/v2\/product_tag?post=7546"}],"curies":[{"name":"wp","href":"https:\/\/api.w.org\/{rel}","templated":true}]}}