{"id":7556,"date":"2026-03-27T06:08:00","date_gmt":"2026-03-27T06:08:00","guid":{"rendered":"https:\/\/car-refinish-system.com\/beta\/produs\/spray-gun-hq-professional-l-v-m-p-13mm-06-l\/"},"modified":"2026-03-27T06:23:57","modified_gmt":"2026-03-27T06:23:57","slug":"spray-gun-hq-professional-l-v-m-p-13mm-06-l","status":"publish","type":"product","link":"https:\/\/car-refinish-system.com\/beta\/produs\/spray-gun-hq-professional-l-v-m-p-13mm-06-l\/","title":{"rendered":"Spray Gun HQ Professional L.V.M.P. 1,3mm 0,6 L"},"content":{"rendered":"<p>Hochprofessionelle Lackierpistole, f\u00fcr alle Lackierarbeiten im Auto-, Schreiner, Maler- u. Industriebereich mit D\u00fcse 1,3mm<br \/>\n\u25cf Stufenlose Materialmengenregulierung sowie stufenlose Rund- und Breitstrahlregulierung f\u00fcr hochwertigster Finish Qualit\u00e4t<br \/>\n\u25cf Bruchsicherer 0,6 Liter Kunststoff-Flie\u00dfbecher aus Polypropylen<br \/>\n\u25cf ergonomische Pistolenk\u00f6rperform f\u00fcr angenehme Verwendung beim Lackieren<br \/>\n\u25cf robustes Geh\u00e4use aus einer Aluminiumlegierung mit schwarzer Oberfl\u00e4chernveredelung f\u00fcr bessere Reinigung<br \/>\n\u25cf Dichtungen aus Teflon (PTFE), welche besonders resistent gegen aggressive Chemikalien, Verd\u00fcnnungen und Lacke sind<br \/>\n\u25cf Service Werkzeug, sowie Reinigungsb\u00fcrste und Farbspritzpistolen Einstecksieb 200\u03bcm im Lieferumfang enthalten<br \/>\n\u25cf D\u00fcse und Nadel sowie zentrale Funktionsteile aus rostfreiem Edelstahl, um Korrosion zu verhindern<br \/>\n\u25cf pr\u00e4zises und der Qualit\u00e4t entsprechendes hochwertiges Spritzbild im speziellen auch f\u00fcr Hochleistungsklarlacke<br \/>\n\u25cf Luftverbrauch: ca. 200 L\/min (7 cfm), ja nach gew\u00fcnschter Oberfl\u00e4chenstruktur der Lackierung<br \/>\n\u25cf Arbeitsdruck ca. 1,8 &#8211;  2,5 bar (ca. 25 &#8211; 36 PSI), je nach gew\u00fcnschter Oberfl\u00e4chenstruktur der Lackierung<br \/>\n\u25cf Druckluftschnellkupplung direkt verbaut  DN7,2mm HV-C-EU<br \/>\n\u25cf Dank der feinen Farbzerst\u00e4ubung optimal geeignet f\u00fcr Autolackierarbeiten wie Grundierung und F\u00fcllerauftrag<br \/>\n\u25cf Einsatz optimal auch im Handwerk wie Maler- und Schreinerlakierungen sowie in der Industrielackierung<br \/>\n\u25cf Verarbeitung von allen Materialien wie alle Farbsysteme, MS, HS und VOC Klarlacke sowie F\u00fcller je nach D\u00fcsengr\u00f6\u00dfe<\/p>\n","protected":false},"excerpt":{"rendered":"<p>Hochprofessionelle Lackierpistole, f\u00fcr alle Lackierarbeiten im Auto-, Schreiner, Maler- u. Industriebereich mit D\u00fcse 1,3mm \u25cf Stufenlose Materialmengenregulierung sowie stufenlose Rund- und Breitstrahlregulierung f\u00fcr hochwertigster Finish Qualit\u00e4t<span class=\"excerpt-hellip\"> [\u2026]<\/span><\/p>\n","protected":false},"featured_media":7626,"template":"","meta":{"_acf_changed":false},"product_brand":[],"product_cat":[873],"product_tag":[],"class_list":{"0":"post-7556","1":"product","2":"type-product","3":"status-publish","4":"has-post-thumbnail","6":"product_cat-lackierequipment-zubehoer","8":"first","9":"instock","10":"purchasable","11":"product-type-simple"},"acf":[],"_links":{"self":[{"href":"https:\/\/car-refinish-system.com\/beta\/wp-json\/wp\/v2\/product\/7556","targetHints":{"allow":["GET"]}}],"collection":[{"href":"https:\/\/car-refinish-system.com\/beta\/wp-json\/wp\/v2\/product"}],"about":[{"href":"https:\/\/car-refinish-system.com\/beta\/wp-json\/wp\/v2\/types\/product"}],"wp:featuredmedia":[{"embeddable":true,"href":"https:\/\/car-refinish-system.com\/beta\/wp-json\/wp\/v2\/media\/7626"}],"wp:attachment":[{"href":"https:\/\/car-refinish-system.com\/beta\/wp-json\/wp\/v2\/media?parent=7556"}],"wp:term":[{"taxonomy":"product_brand","embeddable":true,"href":"https:\/\/car-refinish-system.com\/beta\/wp-json\/wp\/v2\/product_brand?post=7556"},{"taxonomy":"product_cat","embeddable":true,"href":"https:\/\/car-refinish-system.com\/beta\/wp-json\/wp\/v2\/product_cat?post=7556"},{"taxonomy":"product_tag","embeddable":true,"href":"https:\/\/car-refinish-system.com\/beta\/wp-json\/wp\/v2\/product_tag?post=7556"}],"curies":[{"name":"wp","href":"https:\/\/api.w.org\/{rel}","templated":true}]}}