{"id":7558,"date":"2026-03-27T06:08:15","date_gmt":"2026-03-27T06:08:15","guid":{"rendered":"https:\/\/car-refinish-system.com\/beta\/produs\/cleaning-kit-premium-box-w-21-pcs\/"},"modified":"2026-03-27T06:08:15","modified_gmt":"2026-03-27T06:08:15","slug":"cleaning-kit-premium-box-w-21-pcs","status":"publish","type":"product","link":"https:\/\/car-refinish-system.com\/beta\/produs\/cleaning-kit-premium-box-w-21-pcs\/","title":{"rendered":"Cleaning Kit Premium Box w 21 Pcs"},"content":{"rendered":"<p>Reinigungsset f\u00fcr Lackierpistolen\/Kompressoren und anderen Farbspritzger\u00e4ten, bestehend aus 21 unterschiedlichen Reinigungsutensilien zur Lackierpistolenreinigung<br \/>\n\u25cf in praktischer\/stabiler Aufbewahrungsbox mit Sichtfenster<br \/>\n\u25cf zum Anl\u00f6sen und Beseitigen von festen Schmutzpartikeln mit flexiblen Reinigungsnadeln<br \/>\n\u25cf zum Entfernen von groben Verschmutzungen<br \/>\n\u25cf Sehr weiche B\u00fcrsten f\u00fcr schonende Reinigungsvorg\u00e4nge<br \/>\n\u25cf Reinigungsb\u00fcrste 180mm x 10mm mit Nylonb\u00fcrstenkopf (8mm x 33mm Nylon 2-reihig)<br \/>\n\u25cf Flaschenrundb\u00fcrsten: \u00f8 11,5 mm x 300 mm \/ \u00f8 14,5 mm x 21 mm\/ \u00f8 9mm 155mm lang<br \/>\n\u25cf Rundb\u00fcrste Messing \u00f8 10mm x 165mm<br \/>\n\u25cf Rundb\u00fcrsten: \u00f8 4,0mm x 95mm \/ \u00f8 3,0mm x 95mm lang \/ \u00f8 2,0mm x 95mm \/ \u00f8 1,5 mm x 95 mm lang<br \/>\n\u25cf Kopfrundb\u00fcrstenhalter<br \/>\n\u25cf Kopfrundb\u00fcrsten: \u00f8 3.5mm 40mm \/ 2 x  \u00f8 3mm  40mm \/<br \/>\n\u25cf Halterung f\u00fcr Nadel \/ Klingen<br \/>\n\u25cf Nadeln: \u00f8 0,65mm \/ Nadel \u00f8 0,60mm \/ Nadel \u00f8 0,48mm \/ Nadel \u00f8 0,45mm \/ Nadel \u00f8 0,42mm \/ Nadel \u00f8 0,40mm<br \/>\n\u25cf Flasche 20ml mit silikonfreiem \u00d6l &#8211; zur Pflege f\u00fcr bewegliche Teile speziell von Lackierpistolen<\/p>\n","protected":false},"excerpt":{"rendered":"<p>Reinigungsset f\u00fcr Lackierpistolen\/Kompressoren und anderen Farbspritzger\u00e4ten, bestehend aus 21 unterschiedlichen Reinigungsutensilien zur Lackierpistolenreinigung \u25cf in praktischer\/stabiler Aufbewahrungsbox mit Sichtfenster \u25cf zum Anl\u00f6sen und Beseitigen von festen<span class=\"excerpt-hellip\"> [\u2026]<\/span><\/p>\n","protected":false},"featured_media":6930,"template":"","meta":{"_acf_changed":false},"product_brand":[],"product_cat":[873],"product_tag":[],"class_list":{"0":"post-7558","1":"product","2":"type-product","3":"status-publish","4":"has-post-thumbnail","6":"product_cat-lackierequipment-zubehoer","8":"first","9":"instock","10":"purchasable","11":"product-type-simple"},"acf":[],"_links":{"self":[{"href":"https:\/\/car-refinish-system.com\/beta\/wp-json\/wp\/v2\/product\/7558","targetHints":{"allow":["GET"]}}],"collection":[{"href":"https:\/\/car-refinish-system.com\/beta\/wp-json\/wp\/v2\/product"}],"about":[{"href":"https:\/\/car-refinish-system.com\/beta\/wp-json\/wp\/v2\/types\/product"}],"wp:featuredmedia":[{"embeddable":true,"href":"https:\/\/car-refinish-system.com\/beta\/wp-json\/wp\/v2\/media\/6930"}],"wp:attachment":[{"href":"https:\/\/car-refinish-system.com\/beta\/wp-json\/wp\/v2\/media?parent=7558"}],"wp:term":[{"taxonomy":"product_brand","embeddable":true,"href":"https:\/\/car-refinish-system.com\/beta\/wp-json\/wp\/v2\/product_brand?post=7558"},{"taxonomy":"product_cat","embeddable":true,"href":"https:\/\/car-refinish-system.com\/beta\/wp-json\/wp\/v2\/product_cat?post=7558"},{"taxonomy":"product_tag","embeddable":true,"href":"https:\/\/car-refinish-system.com\/beta\/wp-json\/wp\/v2\/product_tag?post=7558"}],"curies":[{"name":"wp","href":"https:\/\/api.w.org\/{rel}","templated":true}]}}