{"id":7570,"date":"2026-03-27T06:08:15","date_gmt":"2026-03-27T06:08:15","guid":{"rendered":"https:\/\/car-refinish-system.com\/beta\/produs\/multi-rotaryspraystand-complete-hq-gold-version\/"},"modified":"2026-03-27T06:08:22","modified_gmt":"2026-03-27T06:08:22","slug":"multi-rotaryspraystand-complete-hq-gold-version","status":"publish","type":"product","link":"https:\/\/car-refinish-system.com\/beta\/produs\/multi-rotaryspraystand-complete-hq-gold-version\/","title":{"rendered":"Multi RotarySprayStand COMPLETE HQ GOLD Version"},"content":{"rendered":"<p>Fahrbarer sehr stabiler und robuster Drehlackierst\u00e4nder\/Lackierbock f\u00fcr professionelle Verarbeiter, f\u00fcr die Lackierung von abmontierten Fahrzeugteilen wie T\u00fcren, Motorhauben, Kotfl\u00fcgeln, Spoilern und vielen anderen Teilen.<br \/>\n\u25cf Goldverzinkte extrem rostfreie Ausf\u00fchrung mit 6 Halteklammern, 4 Haltearmen und 2 Haltearmen f\u00fcr Sto\u00dfstangen<br \/>\n\u25cf sehr stabile Halteklammern mit einer Materialst\u00e4rke von 5mm<br \/>\n\u25cf gro\u00dfe \u00d6ffnung der Halteklammern von 35mmx35mm f\u00fcr stabiles fixieren von Teilen (auch nach vielfachen Gebrauch\/Lackschichtdicke)<br \/>\n\u25cf inklusive Verl\u00e4ngerungen 845mm um problemlos auch sehr lange Teile wie lange Front-\/Hecksto\u00dff\u00e4nger stabil zu montieren.<br \/>\n\u25cf extra stabile und einzigartige Ausf\u00fchrung f\u00fcr Teile mit einem Gewicht von mehr als 100kg sogar bei einseitiger Belastung<br \/>\n\u25cf Auch optimal als Basismodul f\u00fcr Kit Rim Set (Felgenlackieraufsatz)  geeignet<br \/>\n\u25cf 360\u00b0 Drehmechanismus, zur Bearbeitung der aufgespannten Teile\/Werkst\u00fccke von allen Seiten ohne diese zu Ber\u00fchren.<br \/>\n\u25cf Mobiler Lackierst\u00e4nder zum Fixieren von fast allen Fahrzeugteilen wie Motorhaube, T\u00fcr, Sto\u00dfstange, Heckklappe oder Spoiler<br \/>\n\u25cf stufenlose Positions\/Feststellung welche \u00fcber ein Fu\u00dfpedal fest arretiert wird, zur stabilen Bearbeitung von Teilen\/Werkst\u00fccken.<br \/>\n\u25cf Extrem stabile und professionelle Ausf\u00fchrung mit einem Gewicht von ca. 26kg<br \/>\n\u25cf inklusive 2 Ablagehaken zum Ablegen von nicht ben\u00f6tigten Armen oder Klammern<br \/>\n\u25cf spezieller U-Aufh\u00e4ngehaken f\u00fcr das sichere Aufh\u00e4ngen von Lackierpistolen<br \/>\n\u25cf f\u00fcr alle Anwendungen, wie Bearbeiten, Schleifen, Spachteln, Lackieren oder Polieren von Teilen\/Werkst\u00fccken optimal geeignet<br \/>\n\u25cf sehr weiche 90\u00b0C (kurzfristig 120\u00b0C) w\u00e4rmebest\u00e4ndige Kunststoff\/Gummir\u00e4der  zum Einsatz auch w\u00e4hrend der Trockenphasen<br \/>\n\u25cf problemloses \u00dcberfahren von Boden-\/Gitterrosten durch extra gro\u00dfe Kunststoff\/Gummir\u00e4der mit \u00f8 175mm,<br \/>\n\u25cf hohe Zeitersparnis beim Vorbereiten vor dem Lackieren und effizientes einh\u00e4ndiges Bearbeiten von Werkst\u00fccken<br \/>\n\u25cf kaltgezogenes\/kaltgewalztes verzinktes Pr\u00e4zisionsstahlrohr nach DIN EN 10305-5 (E235)<\/p>\n","protected":false},"excerpt":{"rendered":"<p>Fahrbarer sehr stabiler und robuster Drehlackierst\u00e4nder\/Lackierbock f\u00fcr professionelle Verarbeiter, f\u00fcr die Lackierung von abmontierten Fahrzeugteilen wie T\u00fcren, Motorhauben, Kotfl\u00fcgeln, Spoilern und vielen anderen Teilen. \u25cf Goldverzinkte<span class=\"excerpt-hellip\"> [\u2026]<\/span><\/p>\n","protected":false},"featured_media":6943,"template":"","meta":{"_acf_changed":false},"product_brand":[],"product_cat":[875],"product_tag":[],"class_list":{"0":"post-7570","1":"product","2":"type-product","3":"status-publish","4":"has-post-thumbnail","6":"product_cat-lackierstaender-werkzeug-zubehoer","8":"first","9":"instock","10":"purchasable","11":"product-type-simple"},"acf":[],"_links":{"self":[{"href":"https:\/\/car-refinish-system.com\/beta\/wp-json\/wp\/v2\/product\/7570","targetHints":{"allow":["GET"]}}],"collection":[{"href":"https:\/\/car-refinish-system.com\/beta\/wp-json\/wp\/v2\/product"}],"about":[{"href":"https:\/\/car-refinish-system.com\/beta\/wp-json\/wp\/v2\/types\/product"}],"wp:featuredmedia":[{"embeddable":true,"href":"https:\/\/car-refinish-system.com\/beta\/wp-json\/wp\/v2\/media\/6943"}],"wp:attachment":[{"href":"https:\/\/car-refinish-system.com\/beta\/wp-json\/wp\/v2\/media?parent=7570"}],"wp:term":[{"taxonomy":"product_brand","embeddable":true,"href":"https:\/\/car-refinish-system.com\/beta\/wp-json\/wp\/v2\/product_brand?post=7570"},{"taxonomy":"product_cat","embeddable":true,"href":"https:\/\/car-refinish-system.com\/beta\/wp-json\/wp\/v2\/product_cat?post=7570"},{"taxonomy":"product_tag","embeddable":true,"href":"https:\/\/car-refinish-system.com\/beta\/wp-json\/wp\/v2\/product_tag?post=7570"}],"curies":[{"name":"wp","href":"https:\/\/api.w.org\/{rel}","templated":true}]}}