{"id":7572,"date":"2026-03-27T06:08:15","date_gmt":"2026-03-27T06:08:15","guid":{"rendered":"https:\/\/car-refinish-system.com\/beta\/produs\/adaption-kit-rim-set-of-2-f-rotary-st\/"},"modified":"2026-03-27T06:17:00","modified_gmt":"2026-03-27T06:17:00","slug":"adaption-kit-rim-set-of-2-f-rotary-st","status":"publish","type":"product","link":"https:\/\/car-refinish-system.com\/beta\/produs\/adaption-kit-rim-set-of-2-f-rotary-st\/","title":{"rendered":"Adaption Kit RIM Set of 2 f Rotary St"},"content":{"rendered":"<p>Felgenadapter zum Aufsatz auf Drehlackierst\u00e4nder<br \/>\n\u25cf Einsatz<br \/>\n    Lackieraufsatz f\u00fcr fast alle Drehlackierst\u00e4nder zum Bearbeiten und\/oder Lackieren von allen herk\u00f6mmlichen Felgen<br \/>\n    bis 19 Zoll (nach Test auch bis 20 Zoll)<br \/>\n    zum Bearbeiten von Felgen 360\u00b0 horizontal und 360\u00b0 vertikal (ja nach vorhandenem Drehlackierst\u00e4nder)<br \/>\n\u25cf Technische Merkmale<br \/>\n    zur Aufnahme von Felgen bis 19 Zoll (in Ausnahmen nach Test auch bis 20 Zoll Felgen)<br \/>\n    F\u00fcr Felgen mit einem gr\u00f6\u00dferen Felgeninnenlochdurchmesse sind 2 zus\u00e4tzliche gr\u00f6\u00dfere Konen enthalten<br \/>\n    Auch f\u00fcr gro\u00dfe Felgeninnenlochungen geeignet<br \/>\n    Allen Konen sind auf einem hochwertigen Kugellager montiert<br \/>\n    kaltgezogenes\/kaltgewalztes verzinktes Pr\u00e4zisionsstahlrohr nach DIN EN 10305-5 (E235)<\/p>\n","protected":false},"excerpt":{"rendered":"<p>Felgenadapter zum Aufsatz auf Drehlackierst\u00e4nder \u25cf Einsatz Lackieraufsatz f\u00fcr fast alle Drehlackierst\u00e4nder zum Bearbeiten und\/oder Lackieren von allen herk\u00f6mmlichen Felgen bis 19 Zoll (nach Test auch<span class=\"excerpt-hellip\"> [\u2026]<\/span><\/p>\n","protected":false},"featured_media":7612,"template":"","meta":{"_acf_changed":false},"product_brand":[],"product_cat":[875],"product_tag":[],"class_list":{"0":"post-7572","1":"product","2":"type-product","3":"status-publish","4":"has-post-thumbnail","6":"product_cat-lackierstaender-werkzeug-zubehoer","8":"first","9":"instock","10":"purchasable","11":"product-type-simple"},"acf":[],"_links":{"self":[{"href":"https:\/\/car-refinish-system.com\/beta\/wp-json\/wp\/v2\/product\/7572","targetHints":{"allow":["GET"]}}],"collection":[{"href":"https:\/\/car-refinish-system.com\/beta\/wp-json\/wp\/v2\/product"}],"about":[{"href":"https:\/\/car-refinish-system.com\/beta\/wp-json\/wp\/v2\/types\/product"}],"wp:featuredmedia":[{"embeddable":true,"href":"https:\/\/car-refinish-system.com\/beta\/wp-json\/wp\/v2\/media\/7612"}],"wp:attachment":[{"href":"https:\/\/car-refinish-system.com\/beta\/wp-json\/wp\/v2\/media?parent=7572"}],"wp:term":[{"taxonomy":"product_brand","embeddable":true,"href":"https:\/\/car-refinish-system.com\/beta\/wp-json\/wp\/v2\/product_brand?post=7572"},{"taxonomy":"product_cat","embeddable":true,"href":"https:\/\/car-refinish-system.com\/beta\/wp-json\/wp\/v2\/product_cat?post=7572"},{"taxonomy":"product_tag","embeddable":true,"href":"https:\/\/car-refinish-system.com\/beta\/wp-json\/wp\/v2\/product_tag?post=7572"}],"curies":[{"name":"wp","href":"https:\/\/api.w.org\/{rel}","templated":true}]}}