{"id":7575,"date":"2026-03-27T06:08:15","date_gmt":"2026-03-27T06:08:15","guid":{"rendered":"https:\/\/car-refinish-system.com\/beta\/produs\/clamp-for-rotary-stand\/"},"modified":"2026-03-27T06:08:24","modified_gmt":"2026-03-27T06:08:24","slug":"clamp-for-rotary-stand","status":"publish","type":"product","link":"https:\/\/car-refinish-system.com\/beta\/produs\/clamp-for-rotary-stand\/","title":{"rendered":"Clamp for Rotary Stand"},"content":{"rendered":"<p>sehr hochwertige und stabile Ersatzfixierklammer f\u00fcr Haltearme von Drehlackierst\u00e4nder<br \/>\n\u25cf sehr stabile Halteklammern in U-Form mit einer Materialst\u00e4rke von 5mm<br \/>\n\u25cf gro\u00dfe \u00d6ffnung der Halteklammern von 35mmx35mm f\u00fcr stabiles fixieren von Teilen (auch nach vielfachen Gebrauch\/Lackschichtdicke)<br \/>\n\u25cf gro\u00dfe Fl\u00fcgelschraube mit Gewinde M8 zur einfachen und m\u00fchelosen Fixierung von Werkst\u00fccken in Verbindung mit einem Halte arm<br \/>\n\u25cf verzinktes Pr\u00e4zisionsstahl nach DIN EN 10305-5 (E235)<\/p>\n","protected":false},"excerpt":{"rendered":"<p>sehr hochwertige und stabile Ersatzfixierklammer f\u00fcr Haltearme von Drehlackierst\u00e4nder \u25cf sehr stabile Halteklammern in U-Form mit einer Materialst\u00e4rke von 5mm \u25cf gro\u00dfe \u00d6ffnung der Halteklammern von<span class=\"excerpt-hellip\"> [\u2026]<\/span><\/p>\n","protected":false},"featured_media":6952,"template":"","meta":{"_acf_changed":false},"product_brand":[],"product_cat":[875],"product_tag":[],"class_list":{"0":"post-7575","1":"product","2":"type-product","3":"status-publish","4":"has-post-thumbnail","6":"product_cat-lackierstaender-werkzeug-zubehoer","8":"first","9":"instock","10":"purchasable","11":"product-type-simple"},"acf":[],"_links":{"self":[{"href":"https:\/\/car-refinish-system.com\/beta\/wp-json\/wp\/v2\/product\/7575","targetHints":{"allow":["GET"]}}],"collection":[{"href":"https:\/\/car-refinish-system.com\/beta\/wp-json\/wp\/v2\/product"}],"about":[{"href":"https:\/\/car-refinish-system.com\/beta\/wp-json\/wp\/v2\/types\/product"}],"wp:featuredmedia":[{"embeddable":true,"href":"https:\/\/car-refinish-system.com\/beta\/wp-json\/wp\/v2\/media\/6952"}],"wp:attachment":[{"href":"https:\/\/car-refinish-system.com\/beta\/wp-json\/wp\/v2\/media?parent=7575"}],"wp:term":[{"taxonomy":"product_brand","embeddable":true,"href":"https:\/\/car-refinish-system.com\/beta\/wp-json\/wp\/v2\/product_brand?post=7575"},{"taxonomy":"product_cat","embeddable":true,"href":"https:\/\/car-refinish-system.com\/beta\/wp-json\/wp\/v2\/product_cat?post=7575"},{"taxonomy":"product_tag","embeddable":true,"href":"https:\/\/car-refinish-system.com\/beta\/wp-json\/wp\/v2\/product_tag?post=7575"}],"curies":[{"name":"wp","href":"https:\/\/api.w.org\/{rel}","templated":true}]}}