{"id":7577,"date":"2026-03-27T06:08:15","date_gmt":"2026-03-27T06:08:15","guid":{"rendered":"https:\/\/car-refinish-system.com\/beta\/produs\/x-stand-with-center-disc-fixation\/"},"modified":"2026-03-27T06:08:25","modified_gmt":"2026-03-27T06:08:25","slug":"x-stand-with-center-disc-fixation","status":"publish","type":"product","link":"https:\/\/car-refinish-system.com\/beta\/produs\/x-stand-with-center-disc-fixation\/","title":{"rendered":"X-Stand with Center Disc Fixation"},"content":{"rendered":"<p>X-Stand mit zentrischem Handfixierknauf<br \/>\n\u25cf Einsatz<br \/>\n    Montier- und Scheibenbock zum Ablegen aller empfindlichen Teile, welche nicht verkratzt werden sollen<br \/>\n    Ablagestand zum Montieren von verschiedensten Teilen in vielen Betrieben einsetzbar<br \/>\n    Scheibenablagebock mit weichen Kunststoffkappen am Ende der Rohre<br \/>\n    Auch optimal geeignet als Polier-Ablagetisch<br \/>\n\u25cf Technische Merkmale<br \/>\n    Flexibel einstellbare H\u00f6he durch Einstellen und Fixieren der zentrischen Scheibe mit Handfixierknauf<br \/>\n    Einstellbare Arbeitsh\u00f6he von 68cm -116cm<br \/>\n    Tragf\u00e4higkeit des X-Stand bei einer eingestellten Arbeitsh\u00f6he von<br \/>\n    116cm = ca. 550kg \/ 101cm = ca. 450kg \/ 87cm = 350kg \/ 68cm = ca. 200kg<br \/>\n    Breite des X-Stand 60cm (zuz\u00fcglich ca. je Seite 40cm je Fixierarm)<br \/>\n    Auflagefl\u00e4che bei 116cm H\u00f6he = 63cm (zuz\u00fcglich ca. je Seite 40cm je Fixierarm) = Gesamt ca. 143cm<br \/>\n    Auflagefl\u00e4che bei 101cm H\u00f6he = 85cm (zuz\u00fcglich ca. je Seite 40cm je Fixierarm) = Gesamt ca. 165cm<br \/>\n    Auflagefl\u00e4che bei 87cm H\u00f6he = 103cm (zuz\u00fcglich ca. je Seite 40cm je Fixierarm) = Gesamt ca. 183cm<br \/>\n    Auflagefl\u00e4che bei 68cm H\u00f6he = 116cm (zuz\u00fcglich ca. je Seite 40cm je Fixierarm) = Gesamt ca. 196cm<\/p>\n","protected":false},"excerpt":{"rendered":"<p>X-Stand mit zentrischem Handfixierknauf \u25cf Einsatz Montier- und Scheibenbock zum Ablegen aller empfindlichen Teile, welche nicht verkratzt werden sollen Ablagestand zum Montieren von verschiedensten Teilen in<span class=\"excerpt-hellip\"> [\u2026]<\/span><\/p>\n","protected":false},"featured_media":6956,"template":"","meta":{"_acf_changed":false},"product_brand":[],"product_cat":[875],"product_tag":[],"class_list":{"0":"post-7577","1":"product","2":"type-product","3":"status-publish","4":"has-post-thumbnail","6":"product_cat-lackierstaender-werkzeug-zubehoer","8":"first","9":"instock","10":"purchasable","11":"product-type-simple"},"acf":[],"_links":{"self":[{"href":"https:\/\/car-refinish-system.com\/beta\/wp-json\/wp\/v2\/product\/7577","targetHints":{"allow":["GET"]}}],"collection":[{"href":"https:\/\/car-refinish-system.com\/beta\/wp-json\/wp\/v2\/product"}],"about":[{"href":"https:\/\/car-refinish-system.com\/beta\/wp-json\/wp\/v2\/types\/product"}],"wp:featuredmedia":[{"embeddable":true,"href":"https:\/\/car-refinish-system.com\/beta\/wp-json\/wp\/v2\/media\/6956"}],"wp:attachment":[{"href":"https:\/\/car-refinish-system.com\/beta\/wp-json\/wp\/v2\/media?parent=7577"}],"wp:term":[{"taxonomy":"product_brand","embeddable":true,"href":"https:\/\/car-refinish-system.com\/beta\/wp-json\/wp\/v2\/product_brand?post=7577"},{"taxonomy":"product_cat","embeddable":true,"href":"https:\/\/car-refinish-system.com\/beta\/wp-json\/wp\/v2\/product_cat?post=7577"},{"taxonomy":"product_tag","embeddable":true,"href":"https:\/\/car-refinish-system.com\/beta\/wp-json\/wp\/v2\/product_tag?post=7577"}],"curies":[{"name":"wp","href":"https:\/\/api.w.org\/{rel}","templated":true}]}}