{"id":7580,"date":"2026-03-27T06:08:30","date_gmt":"2026-03-27T06:08:30","guid":{"rendered":"https:\/\/car-refinish-system.com\/beta\/produs\/clamphold-magnetic\/"},"modified":"2026-03-27T11:10:07","modified_gmt":"2026-03-27T11:10:07","slug":"clamphold-magnetic","status":"publish","type":"product","link":"https:\/\/car-refinish-system.com\/beta\/produs\/clamphold-magnetic\/","title":{"rendered":"Clamp&#038;Hold Magnetic"},"content":{"rendered":"<p>Magnetischer Lackierst\u00e4nder f\u00fcr Kleinteile f\u00fcr R\u00fcckspiegelgeh\u00e4use Tankdeckel Motorradteile u.v.a<br \/>\n\u25cf magnetische Tragf\u00e4higkeit von ca. 3 kg (optimal im Einsatz f\u00fcr Gewichte bis 2kg)<br \/>\n\u25cf starke Magnetische Platte mit einem fixierten Rundstahlstiel und einer L\u00e4nge von 255mm<br \/>\n\u25cf eine Klammer\/Zwinge am Ende des Rundstahlstiels erm\u00f6glicht das fixieren vieler zu lackierender unterschiedlicher Teile<br \/>\n\u25cf Klammer\/Zwinge f\u00fcr Aufnahme 1 von Teilen mit bis zu 10mm<br \/>\n\u25cf Klammer\/Zwinge f\u00fcr Aufnahme 2 von Teilen mit bis zu 50mm<br \/>\n\u25cf der runde Sockel ist mit einem sehr starken Magneten ausgestattet<br \/>\n\u25cf die &#8220;dritte Hand\u201c, um Teile freih\u00e4ndig von allen Seiten bearbeiten oder lackieren zu k\u00f6nnen, ohne sie direkt ber\u00fchren zu m\u00fcssen<br \/>\n\u25cf robuste verchromte Metallausf\u00fchrung um den Bedingungen bei professionellen Nutzern in einer Werkstatt standzuhalten<br \/>\n\u25cf h\u00e4lt die zu bearbeitenden Teile in der gew\u00fcnschten Position, auch bei Druckluftanstrahlung<br \/>\n\u25cf starken Magnetkraft h\u00e4lt der Halter Teile sicher in Position,<\/p>\n","protected":false},"excerpt":{"rendered":"<p>Magnetischer Lackierst\u00e4nder f\u00fcr Kleinteile f\u00fcr R\u00fcckspiegelgeh\u00e4use Tankdeckel Motorradteile u.v.a \u25cf magnetische Tragf\u00e4higkeit von ca. 3 kg (optimal im Einsatz f\u00fcr Gewichte bis 2kg) \u25cf starke Magnetische<span class=\"excerpt-hellip\"> [\u2026]<\/span><\/p>\n","protected":false},"featured_media":7820,"template":"","meta":{"_acf_changed":false},"product_brand":[],"product_cat":[875],"product_tag":[],"class_list":{"0":"post-7580","1":"product","2":"type-product","3":"status-publish","4":"has-post-thumbnail","6":"product_cat-lackierstaender-werkzeug-zubehoer","8":"first","9":"instock","10":"purchasable","11":"product-type-simple"},"acf":[],"_links":{"self":[{"href":"https:\/\/car-refinish-system.com\/beta\/wp-json\/wp\/v2\/product\/7580","targetHints":{"allow":["GET"]}}],"collection":[{"href":"https:\/\/car-refinish-system.com\/beta\/wp-json\/wp\/v2\/product"}],"about":[{"href":"https:\/\/car-refinish-system.com\/beta\/wp-json\/wp\/v2\/types\/product"}],"wp:featuredmedia":[{"embeddable":true,"href":"https:\/\/car-refinish-system.com\/beta\/wp-json\/wp\/v2\/media\/7820"}],"wp:attachment":[{"href":"https:\/\/car-refinish-system.com\/beta\/wp-json\/wp\/v2\/media?parent=7580"}],"wp:term":[{"taxonomy":"product_brand","embeddable":true,"href":"https:\/\/car-refinish-system.com\/beta\/wp-json\/wp\/v2\/product_brand?post=7580"},{"taxonomy":"product_cat","embeddable":true,"href":"https:\/\/car-refinish-system.com\/beta\/wp-json\/wp\/v2\/product_cat?post=7580"},{"taxonomy":"product_tag","embeddable":true,"href":"https:\/\/car-refinish-system.com\/beta\/wp-json\/wp\/v2\/product_tag?post=7580"}],"curies":[{"name":"wp","href":"https:\/\/api.w.org\/{rel}","templated":true}]}}