{"id":7582,"date":"2026-03-27T06:08:30","date_gmt":"2026-03-27T06:08:30","guid":{"rendered":"https:\/\/car-refinish-system.com\/beta\/produs\/coatingthicknes-gauge-ctg-60002-0-1250-%c2%b5m-fe-n-fe\/"},"modified":"2026-03-27T11:10:27","modified_gmt":"2026-03-27T11:10:27","slug":"coatingthicknes-gauge-ctg-60002-0-1250-%c2%b5m-fe-n-fe","status":"publish","type":"product","link":"https:\/\/car-refinish-system.com\/beta\/produs\/coatingthicknes-gauge-ctg-60002-0-1250-%c2%b5m-fe-n-fe\/","title":{"rendered":"CoatingThicknes Gauge CTG 60002 0-1250 \u00b5m FE\/N-FE"},"content":{"rendered":"<p>Schichtdickenme\u00dfger\u00e4t &#8220;CTG 60002 Pocket&#8221; 0-800micron FE\/N-FE&#8221; im Etui misst pr\u00e4zise und sekundenschnell die Lackschichtdicke von Oberfl\u00e4chen<br \/>\nbei Nachlackierungen oder Reparaturen. Die Erkennung von Unfallsch\u00e4den k\u00f6nnen zuverl\u00e4ssig analysiert werden.<br \/>\n\u25cf Gewicht 65g, Abmessung 117mm x 50mm x 23mm, 2 x 1,5V AAA-Batteriebetrieb<br \/>\n\u25cf automatisch Oberfl\u00e4chenerkennung f\u00fcr magnetische (Fe) oder nichtmagnetische (NFe) Untergr\u00fcnde.<br \/>\n\u25cf 180\u00b0 digital drehbare Display zum Ablesen der gemessenen Werte in jeder Position<br \/>\n\u25cf werkseitig kalibriert. Nachtr\u00e4gliche Kalibrierung durch Kalibrierfolien und Kalibrierscheiben jederzeit m\u00f6glich<br \/>\n\u25cf einfache Bedienung<br \/>\n\u25cf integrierte Fe und NFe Erkennung<br \/>\n\u25cf F\u00fcr Untergr\u00fcnden wie Stahl, Eisen, Aluminium, Messing, Zink usw. geeignet.<br \/>\n\u25cf Auto-Off Funktion<br \/>\n\u25cf Memory-Funktion mit bis zu 10 Messwerten<br \/>\n\u25cf Anzeigegenauigkeit 1\u00b5m, \u00b1 (2 \u00b5m + 3% vom Messwert<br \/>\n\u25cf Abweichung der Messgenauigkeit bei 40 aufeinander folgenden Messungen \u00b1 7 \u00b5m<\/p>\n","protected":false},"excerpt":{"rendered":"<p>Schichtdickenme\u00dfger\u00e4t &#8220;CTG 60002 Pocket&#8221; 0-800micron FE\/N-FE&#8221; im Etui misst pr\u00e4zise und sekundenschnell die Lackschichtdicke von Oberfl\u00e4chen bei Nachlackierungen oder Reparaturen. Die Erkennung von Unfallsch\u00e4den k\u00f6nnen zuverl\u00e4ssig<span class=\"excerpt-hellip\"> [\u2026]<\/span><\/p>\n","protected":false},"featured_media":7822,"template":"","meta":{"_acf_changed":false},"product_brand":[],"product_cat":[875],"product_tag":[],"class_list":{"0":"post-7582","1":"product","2":"type-product","3":"status-publish","4":"has-post-thumbnail","6":"product_cat-lackierstaender-werkzeug-zubehoer","8":"first","9":"instock","10":"purchasable","11":"product-type-simple"},"acf":[],"_links":{"self":[{"href":"https:\/\/car-refinish-system.com\/beta\/wp-json\/wp\/v2\/product\/7582","targetHints":{"allow":["GET"]}}],"collection":[{"href":"https:\/\/car-refinish-system.com\/beta\/wp-json\/wp\/v2\/product"}],"about":[{"href":"https:\/\/car-refinish-system.com\/beta\/wp-json\/wp\/v2\/types\/product"}],"wp:featuredmedia":[{"embeddable":true,"href":"https:\/\/car-refinish-system.com\/beta\/wp-json\/wp\/v2\/media\/7822"}],"wp:attachment":[{"href":"https:\/\/car-refinish-system.com\/beta\/wp-json\/wp\/v2\/media?parent=7582"}],"wp:term":[{"taxonomy":"product_brand","embeddable":true,"href":"https:\/\/car-refinish-system.com\/beta\/wp-json\/wp\/v2\/product_brand?post=7582"},{"taxonomy":"product_cat","embeddable":true,"href":"https:\/\/car-refinish-system.com\/beta\/wp-json\/wp\/v2\/product_cat?post=7582"},{"taxonomy":"product_tag","embeddable":true,"href":"https:\/\/car-refinish-system.com\/beta\/wp-json\/wp\/v2\/product_tag?post=7582"}],"curies":[{"name":"wp","href":"https:\/\/api.w.org\/{rel}","templated":true}]}}