{"id":7583,"date":"2026-03-27T06:08:30","date_gmt":"2026-03-27T06:08:30","guid":{"rendered":"https:\/\/car-refinish-system.com\/beta\/produs\/telescopic-workplatform-level-3-109-175cm\/"},"modified":"2026-03-27T06:08:33","modified_gmt":"2026-03-27T06:08:33","slug":"telescopic-workplatform-level-3-109-175cm","status":"publish","type":"product","link":"https:\/\/car-refinish-system.com\/beta\/produs\/telescopic-workplatform-level-3-109-175cm\/","title":{"rendered":"Telescopic WorkPlatform Level 3 109 -175cm"},"content":{"rendered":"<p>Extrem flexible und stabile Teleskop Arbeitsplattform mit variablen Einstellm\u00f6glichkeiten<br \/>\n\u25cf Tragf\u00e4higkeit bis max. 150kg<br \/>\n\u25cf H\u00f6he einstellbar auf 3 Ebenen 530mm\/740mm\/910mm<br \/>\n\u25cf Teleskopb\u00fchne in der Lange ausziehbar von 109 cm &#8211; 175cm<br \/>\n\u25cf speziell geripptes Aluminium f\u00fcr rutschfesten Stand<br \/>\n\u25cf gefaltet zu eine Gr\u00f6\u00dfe von Breite 430mm H\u00f6he 170mm L\u00e4nge 1160mm und dadurch leicht tragbar<br \/>\n\u25cf extrem leicht mit einem sehr geringen Gewicht (aus Aluminium) ca. 15kg<br \/>\n\u25cf Extrabreite Plattform-\/Stufenbreite mit einer Breite 302mm f\u00fcr einen sicheren Stand beim Arbeiten<br \/>\n\u25cf Konform nach EN 131<br \/>\n\u25cf Sehr Breite Traversen an den Standf\u00fc\u00dfen, f\u00fcr maximale Kippstabilit\u00e4t, auch bei voller Auszugsl\u00e4nge.<br \/>\n\u25cf einfach und schnell Auf- und Abzubauen<br \/>\n\u25cf sekundenschnell ausziehbar<br \/>\n\u25cf geringes Gewicht (aus Aluminium)<\/p>\n","protected":false},"excerpt":{"rendered":"<p>Extrem flexible und stabile Teleskop Arbeitsplattform mit variablen Einstellm\u00f6glichkeiten \u25cf Tragf\u00e4higkeit bis max. 150kg \u25cf H\u00f6he einstellbar auf 3 Ebenen 530mm\/740mm\/910mm \u25cf Teleskopb\u00fchne in der Lange<span class=\"excerpt-hellip\"> [\u2026]<\/span><\/p>\n","protected":false},"featured_media":6968,"template":"","meta":{"_acf_changed":false},"product_brand":[],"product_cat":[875],"product_tag":[],"class_list":{"0":"post-7583","1":"product","2":"type-product","3":"status-publish","4":"has-post-thumbnail","6":"product_cat-lackierstaender-werkzeug-zubehoer","8":"first","9":"instock","10":"purchasable","11":"product-type-simple"},"acf":[],"_links":{"self":[{"href":"https:\/\/car-refinish-system.com\/beta\/wp-json\/wp\/v2\/product\/7583","targetHints":{"allow":["GET"]}}],"collection":[{"href":"https:\/\/car-refinish-system.com\/beta\/wp-json\/wp\/v2\/product"}],"about":[{"href":"https:\/\/car-refinish-system.com\/beta\/wp-json\/wp\/v2\/types\/product"}],"wp:featuredmedia":[{"embeddable":true,"href":"https:\/\/car-refinish-system.com\/beta\/wp-json\/wp\/v2\/media\/6968"}],"wp:attachment":[{"href":"https:\/\/car-refinish-system.com\/beta\/wp-json\/wp\/v2\/media?parent=7583"}],"wp:term":[{"taxonomy":"product_brand","embeddable":true,"href":"https:\/\/car-refinish-system.com\/beta\/wp-json\/wp\/v2\/product_brand?post=7583"},{"taxonomy":"product_cat","embeddable":true,"href":"https:\/\/car-refinish-system.com\/beta\/wp-json\/wp\/v2\/product_cat?post=7583"},{"taxonomy":"product_tag","embeddable":true,"href":"https:\/\/car-refinish-system.com\/beta\/wp-json\/wp\/v2\/product_tag?post=7583"}],"curies":[{"name":"wp","href":"https:\/\/api.w.org\/{rel}","templated":true}]}}