{"id":7584,"date":"2026-03-27T06:08:30","date_gmt":"2026-03-27T06:08:30","guid":{"rendered":"https:\/\/car-refinish-system.com\/beta\/produs\/spotweldingdrill-lblue-6-x-70mm\/"},"modified":"2026-03-27T06:08:33","modified_gmt":"2026-03-27T06:08:33","slug":"spotweldingdrill-lblue-6-x-70mm","status":"publish","type":"product","link":"https:\/\/car-refinish-system.com\/beta\/produs\/spotweldingdrill-lblue-6-x-70mm\/","title":{"rendered":"Spotweldingdrill L\u00b4Blue  6 x 70mm"},"content":{"rendered":"<p>professioneller, hochwertiger, leicht bl\u00e4ulicher Punktschweissbohrer 6mm<br \/>\n\u25cf mit speziell geh\u00e4rteter kurzer Zentrierspitze, f\u00fcr optimales Trennen von Punkt Verschwei\u00dfungen.<br \/>\n\u25cf Die Bauart verhindert, dass darunterliegende Bleche durchbohrt werden.<br \/>\n\u25cf gefertigt aus hochwertigem\/hochfestem Stahl mit HSCO Legierung<br \/>\n\u25cf Zylinderschaftaufnahme, Schaftl\u00e4nge 38mm<br \/>\n\u25cf Gesamtl\u00e4nge ca. 66mm<br \/>\n\u25cf Kegelmantelanschliff and der Spitze mit 180\u00b0 Schneidspitze<br \/>\n\u25cf optimale, flache Schleif- und Schneidgeometrie um Schwei\u00dfpunkte fl\u00e4chig abzutragen ohne tief ins Material zu bohren<br \/>\n\u25cf Schneidrichtung rechts<\/p>\n","protected":false},"excerpt":{"rendered":"<p>professioneller, hochwertiger, leicht bl\u00e4ulicher Punktschweissbohrer 6mm \u25cf mit speziell geh\u00e4rteter kurzer Zentrierspitze, f\u00fcr optimales Trennen von Punkt Verschwei\u00dfungen. \u25cf Die Bauart verhindert, dass darunterliegende Bleche durchbohrt<span class=\"excerpt-hellip\"> [\u2026]<\/span><\/p>\n","protected":false},"featured_media":6970,"template":"","meta":{"_acf_changed":false},"product_brand":[],"product_cat":[875],"product_tag":[],"class_list":{"0":"post-7584","1":"product","2":"type-product","3":"status-publish","4":"has-post-thumbnail","6":"product_cat-lackierstaender-werkzeug-zubehoer","8":"first","9":"instock","10":"purchasable","11":"product-type-simple"},"acf":[],"_links":{"self":[{"href":"https:\/\/car-refinish-system.com\/beta\/wp-json\/wp\/v2\/product\/7584","targetHints":{"allow":["GET"]}}],"collection":[{"href":"https:\/\/car-refinish-system.com\/beta\/wp-json\/wp\/v2\/product"}],"about":[{"href":"https:\/\/car-refinish-system.com\/beta\/wp-json\/wp\/v2\/types\/product"}],"wp:featuredmedia":[{"embeddable":true,"href":"https:\/\/car-refinish-system.com\/beta\/wp-json\/wp\/v2\/media\/6970"}],"wp:attachment":[{"href":"https:\/\/car-refinish-system.com\/beta\/wp-json\/wp\/v2\/media?parent=7584"}],"wp:term":[{"taxonomy":"product_brand","embeddable":true,"href":"https:\/\/car-refinish-system.com\/beta\/wp-json\/wp\/v2\/product_brand?post=7584"},{"taxonomy":"product_cat","embeddable":true,"href":"https:\/\/car-refinish-system.com\/beta\/wp-json\/wp\/v2\/product_cat?post=7584"},{"taxonomy":"product_tag","embeddable":true,"href":"https:\/\/car-refinish-system.com\/beta\/wp-json\/wp\/v2\/product_tag?post=7584"}],"curies":[{"name":"wp","href":"https:\/\/api.w.org\/{rel}","templated":true}]}}