{"id":7591,"date":"2026-03-27T06:08:30","date_gmt":"2026-03-27T06:08:30","guid":{"rendered":"https:\/\/car-refinish-system.com\/beta\/produs\/ir-dryer-1x1000-1100-watt-230-v\/"},"modified":"2026-03-27T06:08:37","modified_gmt":"2026-03-27T06:08:37","slug":"ir-dryer-1x1000-1100-watt-230-v","status":"publish","type":"product","link":"https:\/\/car-refinish-system.com\/beta\/produs\/ir-dryer-1x1000-1100-watt-230-v\/","title":{"rendered":"IR Dryer 1&#215;1000\/1100 Watt 230 V"},"content":{"rendered":"<p>CRS Infrarot CE-IR Trockner, sind optimierte Infrarottrockner und sichern eine schnelle Trocknung des zu<br \/>\n trocknenden Objektes von innen nach au\u00dfen zu. Beim optimalen Abstand von ca. 70-80cm wird sowohl eine<br \/>\n \u00dcberhitzung als auch eine Blasenbildung vermieden. Eine Weiterbearbeitung der bestrahlten Teile ist durch die<br \/>\n rasche Abk\u00fchlung in k\u00fcrzester Zeit m\u00f6glich. Durch den technischen Vorteil der Flash On\/ Flash Off (Pulse Schaltung)<br \/>\nsind auch kleinere Abst\u00e4nde zum Objekt ohne eine \u00dcberhitzung m\u00f6glich und reduzieren zus\u00e4tzlich Energiekosten.<br \/>\nProduktdaten:<br \/>\n\u2022 optimierter Infrarot Kurz- Mittelwellen Strahler mit Pulse Schaltung f\u00fcr sichere Durchtrocknung ohne Verbrennungen<br \/>\n\u2022 sehr stabiles und leichtes Alu\/Metallgeh\u00e4use<br \/>\n\u2022 digitale\/mechanische Zeitschaltuhr (je nach Typ) bis 99 Min.<br \/>\n\u2022 fahrbar mit sehr stabilen optimierten R\u00e4dern, f\u00fcr den Einsatz auch bei Fahrzeugen mit geringem Bodenabstand<br \/>\n\u2022 Nennaufnahme 1 kW-1,1kW &#8211; 1 Paneelig<br \/>\n\u2022 Stromspannung 230 V \/ 1 Ph 50-60Hz<br \/>\n\u2022 Fl\u00e4chenabdeckung 0,4m\u00b2 x 0,5m\u00b2<br \/>\n\u2022 Strahlabstand zum Objekt 70 \u2013 80 cm<br \/>\n\u2022 Heiztemperatur Umgebungstemperatur bis ca. 100\u00b0C<br \/>\n\u2022 H\u00f6henverstellbares und Fixierbares manuelles Stativ<br \/>\n\u2022 Stativ horizontal einstellbar und vertikal drehbar von 13cm bis zu einer H\u00f6he von 162cm<br \/>\n\u2022 Quarz Halogenr\u00f6hren f\u00fcr optimale Durchtrocknung<br \/>\n\u2022 Reflektor aus poliertem Aluminium<br \/>\n\u2022 w\u00e4rmisolierte Oberfl\u00e4chen und Griffe aus speziellen Kunststoffen<\/p>\n","protected":false},"excerpt":{"rendered":"<p>CRS Infrarot CE-IR Trockner, sind optimierte Infrarottrockner und sichern eine schnelle Trocknung des zu trocknenden Objektes von innen nach au\u00dfen zu. Beim optimalen Abstand von ca.<span class=\"excerpt-hellip\"> [\u2026]<\/span><\/p>\n","protected":false},"featured_media":6984,"template":"","meta":{"_acf_changed":false},"product_brand":[],"product_cat":[877],"product_tag":[],"class_list":{"0":"post-7591","1":"product","2":"type-product","3":"status-publish","4":"has-post-thumbnail","6":"product_cat-ir-trockner-equipment","8":"first","9":"instock","10":"purchasable","11":"product-type-simple"},"acf":[],"_links":{"self":[{"href":"https:\/\/car-refinish-system.com\/beta\/wp-json\/wp\/v2\/product\/7591","targetHints":{"allow":["GET"]}}],"collection":[{"href":"https:\/\/car-refinish-system.com\/beta\/wp-json\/wp\/v2\/product"}],"about":[{"href":"https:\/\/car-refinish-system.com\/beta\/wp-json\/wp\/v2\/types\/product"}],"wp:featuredmedia":[{"embeddable":true,"href":"https:\/\/car-refinish-system.com\/beta\/wp-json\/wp\/v2\/media\/6984"}],"wp:attachment":[{"href":"https:\/\/car-refinish-system.com\/beta\/wp-json\/wp\/v2\/media?parent=7591"}],"wp:term":[{"taxonomy":"product_brand","embeddable":true,"href":"https:\/\/car-refinish-system.com\/beta\/wp-json\/wp\/v2\/product_brand?post=7591"},{"taxonomy":"product_cat","embeddable":true,"href":"https:\/\/car-refinish-system.com\/beta\/wp-json\/wp\/v2\/product_cat?post=7591"},{"taxonomy":"product_tag","embeddable":true,"href":"https:\/\/car-refinish-system.com\/beta\/wp-json\/wp\/v2\/product_tag?post=7591"}],"curies":[{"name":"wp","href":"https:\/\/api.w.org\/{rel}","templated":true}]}}