{"id":7595,"date":"2026-03-27T06:08:30","date_gmt":"2026-03-27T06:08:30","guid":{"rendered":"https:\/\/car-refinish-system.com\/beta\/produs\/extra-lamp-1100-watt-f-3l-53cm\/"},"modified":"2026-03-27T06:08:39","modified_gmt":"2026-03-27T06:08:39","slug":"extra-lamp-1100-watt-f-3l-53cm","status":"publish","type":"product","link":"https:\/\/car-refinish-system.com\/beta\/produs\/extra-lamp-1100-watt-f-3l-53cm\/","title":{"rendered":"Extra Lamp 1100 Watt f 3L 53cm"},"content":{"rendered":"<p>sehr hochwertige Quarz-Infrarot Ersatz Halogenr\u00f6hren f\u00fcr IR Dryer 3x 1000\/1100Watt f\u00fcr Kurz- und schnellen Mittelwellenstrahlern<br \/>\n\u25cf Lange ca. 53cm, \u00f8 ca. 10cm<br \/>\n\u25cf mit robustem und langlebigem Wolfram Gl\u00fchfaden im speziellen Glas<br \/>\n\u25cf Rubinr\u00f6hre (Glas rubinrot beschichtet), nur w\u00e4rmef\u00fchrendes Licht wird dadurch an Objekte abgegeben<br \/>\n\u25cf Lebensdauer ca. 4000 &#8211; 8000 h<br \/>\n\u25cf f\u00fcr kurz-\/mittelwelliges Infrarotlicht optimiert<br \/>\n\u25cf Wellenlange ca. 1,2 \u00b5m bis 3,5 \u00b5m, dadurch sowohl als Kurzwelle oder auch als schnelle Mittelwelle verwendbar<br \/>\n\u25cf f\u00fcr optimale Durchtrocknung, bei einem Strahlabstand zum Objekt ca. 70 \u2013 80 cm<br \/>\n\u25cf f\u00fcr 230\/V Strahler<br \/>\n\u25cf mir Metall\/Keramiksockeln und flexiblen Anschlusskabeln an beiden Enden und passenden Steckern<br \/>\n\u25cf Energieeffizienz ca. 95%, da die elektrischen Energie direkt in Strahlungsw\u00e4rme umgewandelt wird<\/p>\n","protected":false},"excerpt":{"rendered":"<p>sehr hochwertige Quarz-Infrarot Ersatz Halogenr\u00f6hren f\u00fcr IR Dryer 3x 1000\/1100Watt f\u00fcr Kurz- und schnellen Mittelwellenstrahlern \u25cf Lange ca. 53cm, \u00f8 ca. 10cm \u25cf mit robustem und<span class=\"excerpt-hellip\"> [\u2026]<\/span><\/p>\n","protected":false},"featured_media":6992,"template":"","meta":{"_acf_changed":false},"product_brand":[],"product_cat":[877],"product_tag":[],"class_list":{"0":"post-7595","1":"product","2":"type-product","3":"status-publish","4":"has-post-thumbnail","6":"product_cat-ir-trockner-equipment","8":"first","9":"instock","10":"purchasable","11":"product-type-simple"},"acf":[],"_links":{"self":[{"href":"https:\/\/car-refinish-system.com\/beta\/wp-json\/wp\/v2\/product\/7595","targetHints":{"allow":["GET"]}}],"collection":[{"href":"https:\/\/car-refinish-system.com\/beta\/wp-json\/wp\/v2\/product"}],"about":[{"href":"https:\/\/car-refinish-system.com\/beta\/wp-json\/wp\/v2\/types\/product"}],"wp:featuredmedia":[{"embeddable":true,"href":"https:\/\/car-refinish-system.com\/beta\/wp-json\/wp\/v2\/media\/6992"}],"wp:attachment":[{"href":"https:\/\/car-refinish-system.com\/beta\/wp-json\/wp\/v2\/media?parent=7595"}],"wp:term":[{"taxonomy":"product_brand","embeddable":true,"href":"https:\/\/car-refinish-system.com\/beta\/wp-json\/wp\/v2\/product_brand?post=7595"},{"taxonomy":"product_cat","embeddable":true,"href":"https:\/\/car-refinish-system.com\/beta\/wp-json\/wp\/v2\/product_cat?post=7595"},{"taxonomy":"product_tag","embeddable":true,"href":"https:\/\/car-refinish-system.com\/beta\/wp-json\/wp\/v2\/product_tag?post=7595"}],"curies":[{"name":"wp","href":"https:\/\/api.w.org\/{rel}","templated":true}]}}